{"id":11494,"date":"2015-02-06T02:22:53","date_gmt":"2015-02-06T02:22:53","guid":{"rendered":"https:\/\/theotekgroup.com\/theotek-home-2\/"},"modified":"2023-02-08T09:57:20","modified_gmt":"2023-02-08T09:57:20","slug":"theotek-home","status":"publish","type":"page","link":"https:\/\/theotekgroup.com\/fr\/","title":{"rendered":"Accueil"},"content":{"rendered":"\t\t<div data-elementor-type=\"wp-page\" data-elementor-id=\"11494\" class=\"elementor elementor-11494 elementor-11004 elementor-bc-flex-widget\">\n\t\t\t\t\t\t<section class=\"elementor-section elementor-top-section elementor-element elementor-element-7acc7dbd elementor-section-boxed elementor-section-height-default elementor-section-height-default\" data-id=\"7acc7dbd\" data-element_type=\"section\">\n\t\t\t\t\t\t<div class=\"elementor-container elementor-column-gap-default\">\n\t\t\t\t\t<div class=\"elementor-column elementor-col-100 elementor-top-column elementor-element elementor-element-2b6a4aca\" data-id=\"2b6a4aca\" data-element_type=\"column\">\n\t\t\t<div class=\"elementor-widget-wrap elementor-element-populated\">\n\t\t\t\t\t\t<div class=\"elementor-element elementor-element-336c298 elementor-widget elementor-widget-heading\" data-id=\"336c298\" data-element_type=\"widget\" data-widget_type=\"heading.default\">\n\t\t\t\t<div class=\"elementor-widget-container\">\n\t\t\t\t\t<h2 class=\"elementor-heading-title elementor-size-default\"><span style=\"color: #333333;font-family: 'PT Sans', Arial, Helvetica, sans-serif;font-size: 20px\">POURQUOI NOS BRUMISATEURS ULTRASONIQUES<\/span><\/h2>\t\t\t\t<\/div>\n\t\t\t\t<\/div>\n\t\t\t\t<div class=\"elementor-element elementor-element-c2451c9 elementor-widget elementor-widget-text-editor\" data-id=\"c2451c9\" data-element_type=\"widget\" data-widget_type=\"text-editor.default\">\n\t\t\t\t<div class=\"elementor-widget-container\">\n\t\t\t\t\t\t\t\t\t<p>Nos brumisateurs ultrasoniques MDFD, sont utilis\u00e9s dans une large gamme d&#8217;application comme les fromageries, serres, p\u00e9pini\u00e8res, fermes de micro poussent et de la germination des grains et cultures d&#8217;herbe de bl\u00e9, fermes avicoles, entrep\u00f4ts et chambres de r\u00e9frig\u00e9ration, fermes de champignons, des boulangeries, impression textile et papier, caves \u00e0 vin, laboratoires dans les centres de recherche universitaire, fermes d&#8217;\u00e9levage etc.<\/p><p>Les syst\u00e8mes des brumisateurs ultrasoniques MDFD, brisent l&#8217;eau liquide dans une brume de la taille de 1 \u00e0 5 microns (brume atmosph\u00e9rique est environ 15 \u00e0 20 microns), qui est \u00e9galement nomm\u00e9 brouillard sec.<\/p><p>Le brouillard sec il a la particularit\u00e9 de rester flottant dans l&#8217;air et l&#8217;humidit\u00e9 relative peut grimper jusqu&#8217;\u00e0 98 %, sans condensation ou des d\u00e9p\u00f4ts d&#8217;eau sur la culture de plantes, les produits entrepose (fruits, l\u00e9gumes, fleurs, semis, \u0153ufs, fromage, champignons, poissons, viande, pain), les planchers, murs, \u00e9quipements, emballages (papier, carton et bois, etc.).<\/p><p>L&#8217;\u00e9limination des d\u00e9p\u00f4ts d&#8217;eau sur les produits p\u00e9rissables diminueront le gaspillage et am\u00e9liorera l&#8217;apparence, la qualit\u00e9, duret\u00e9 et l&#8217;humidit\u00e9 obtenue est capable d&#8217;emp\u00eacher d&#8217;important perdre du poids, jusqu&#8217;\u00e0 5 \u00e0 20 % de la culture des plantes ou de produits entrepose.<\/p><p>Le brouillard sec va se dissipera dans l&#8217;air tr\u00e8s facilement, \u00e9liminant le besoin d&#8217;un syst\u00e8me de distribution (m\u00eame dans les tr\u00e8s grandes pi\u00e8ces), l&#8217;humidit\u00e9 relative balancera, dans un tr\u00e8s court temps, \u00e0 l&#8217;int\u00e9rieur de l&#8217;emplacement utilis\u00e9.<\/p><p>Nos syst\u00e8mes ils sont fabriqu\u00e9s en respecte de l&#8217;environnement. L&#8217;utilisation d&#8217;un r\u00e9gulateur d&#8217;humidit\u00e9 num\u00e9rique, permettra de r\u00e9duire la consommation d&#8217;eau et l&#8217;\u00e9lectricit\u00e9 lorsque le brumisateur ultrasonique atteindra les taux d&#8217;humidit\u00e9 programm\u00e9s.<\/p><p>Les syst\u00e8mes des brumisateurs ultrasoniques MDFD, ils sont \u00e9galement utilis\u00e9s pour la propagation des produits solubles dans l&#8217;eau (d\u00e9sinfectants, insecticides) pour la zone embu\u00e9e. Les produits seront brise en m\u00eame temps que l&#8217;eau et deviendront partie int\u00e9grante de la brume, p\u00e9n\u00e9trant dans la plupart des endroits difficiles \u00e0 traiter (\u00e0 l&#8217;int\u00e9rieur des syst\u00e8mes de ventilation et conduits, sous les feuilles des plantes, etc.).<\/p><p>Nos produits ils ont une conception simpliste et pratique, pour un maximum des r\u00e9sultats et ils sont fabriqu\u00e9s au Qu\u00e9bec, Canada.<\/p>\t\t\t\t\t\t\t\t<\/div>\n\t\t\t\t<\/div>\n\t\t\t\t\t<\/div>\n\t\t<\/div>\n\t\t\t\t\t<\/div>\n\t\t<\/section>\n\t\t\t\t<section class=\"elementor-section elementor-top-section elementor-element elementor-element-eebcc42 elementor-section-boxed elementor-section-height-default elementor-section-height-default\" data-id=\"eebcc42\" data-element_type=\"section\">\n\t\t\t\t\t\t<div class=\"elementor-container elementor-column-gap-default\">\n\t\t\t\t\t<div class=\"elementor-column elementor-col-25 elementor-top-column elementor-element elementor-element-766d23d2\" data-id=\"766d23d2\" data-element_type=\"column\">\n\t\t\t<div class=\"elementor-widget-wrap elementor-element-populated\">\n\t\t\t\t\t\t<div class=\"elementor-element elementor-element-7b55ce64 elementor-widget elementor-widget-wp-widget-media_image\" data-id=\"7b55ce64\" data-element_type=\"widget\" data-widget_type=\"wp-widget-media_image.default\">\n\t\t\t\t<div class=\"elementor-widget-container\">\n\t\t\t\t\t<a href=\"\/fr\/produit\/mdfd-1\/\"><img fetchpriority=\"high\" decoding=\"async\" width=\"1200\" height=\"1200\" src=\"https:\/\/theotekgroup.com\/wp-content\/uploads\/2018\/02\/gallery-image.png\" class=\"image wp-image-11869  attachment-full size-full\" alt=\"One head Ultrasonic dry fog humidifier system\" style=\"max-width: 100%; height: auto;\" srcset=\"https:\/\/theotekgroup.com\/wp-content\/uploads\/2018\/02\/gallery-image-66x66.png 66w, https:\/\/theotekgroup.com\/wp-content\/uploads\/2018\/02\/gallery-image-150x150.png 150w, https:\/\/theotekgroup.com\/wp-content\/uploads\/2018\/02\/gallery-image-768x768.png 768w, https:\/\/theotekgroup.com\/wp-content\/uploads\/2018\/02\/gallery-image-1024x1024.png 1024w, https:\/\/theotekgroup.com\/wp-content\/uploads\/2018\/02\/gallery-image.png 1200w\" sizes=\"(max-width: 1200px) 100vw, 1200px\" \/><\/a>\t\t\t\t<\/div>\n\t\t\t\t<\/div>\n\t\t\t\t<div class=\"elementor-element elementor-element-5589d2d1 elementor-widget elementor-widget-html\" data-id=\"5589d2d1\" data-element_type=\"widget\" data-widget_type=\"html.default\">\n\t\t\t\t<div class=\"elementor-widget-container\">\n\t\t\t\t\t<a href=\"\/fr\/produit\/MDFD-1\/\" style=\"text-align: center; display: block; line-height: 25px;\">MDFD-1<\/a>\t\t\t\t<\/div>\n\t\t\t\t<\/div>\n\t\t\t\t\t<\/div>\n\t\t<\/div>\n\t\t\t\t<div class=\"elementor-column elementor-col-25 elementor-top-column elementor-element elementor-element-2e1106f3\" data-id=\"2e1106f3\" data-element_type=\"column\">\n\t\t\t<div class=\"elementor-widget-wrap elementor-element-populated\">\n\t\t\t\t\t\t<div class=\"elementor-element elementor-element-735a4870 elementor-widget elementor-widget-wp-widget-media_image\" data-id=\"735a4870\" data-element_type=\"widget\" data-widget_type=\"wp-widget-media_image.default\">\n\t\t\t\t<div class=\"elementor-widget-container\">\n\t\t\t\t\t<a href=\"\/fr\/produit\/MDFD-4\/\"><img decoding=\"async\" width=\"1200\" height=\"1200\" src=\"https:\/\/theotekgroup.com\/wp-content\/uploads\/2018\/02\/main-image.png\" class=\"image wp-image-12028  attachment-full size-full\" alt=\"Dry Fog Humidifier For Mushrooms grey\" style=\"max-width: 100%; height: auto;\" srcset=\"https:\/\/theotekgroup.com\/wp-content\/uploads\/2018\/02\/main-image-66x66.png 66w, https:\/\/theotekgroup.com\/wp-content\/uploads\/2018\/02\/main-image-150x150.png 150w, https:\/\/theotekgroup.com\/wp-content\/uploads\/2018\/02\/main-image-768x768.png 768w, https:\/\/theotekgroup.com\/wp-content\/uploads\/2018\/02\/main-image-1024x1024.png 1024w, https:\/\/theotekgroup.com\/wp-content\/uploads\/2018\/02\/main-image.png 1200w\" sizes=\"(max-width: 1200px) 100vw, 1200px\" \/><\/a>\t\t\t\t<\/div>\n\t\t\t\t<\/div>\n\t\t\t\t<div class=\"elementor-element elementor-element-563e4e4b elementor-widget elementor-widget-html\" data-id=\"563e4e4b\" data-element_type=\"widget\" data-widget_type=\"html.default\">\n\t\t\t\t<div class=\"elementor-widget-container\">\n\t\t\t\t\t<a href=\"\/fr\/produit\/MDFD-4\/\" style=\"text-align: center; display: block; line-height: 25px;\">MDFD-4<\/a>\t\t\t\t<\/div>\n\t\t\t\t<\/div>\n\t\t\t\t\t<\/div>\n\t\t<\/div>\n\t\t\t\t<div class=\"elementor-column elementor-col-25 elementor-top-column elementor-element elementor-element-754a0d91\" data-id=\"754a0d91\" data-element_type=\"column\">\n\t\t\t<div class=\"elementor-widget-wrap elementor-element-populated\">\n\t\t\t\t\t\t<div class=\"elementor-element elementor-element-7f492de1 elementor-widget elementor-widget-wp-widget-media_image\" data-id=\"7f492de1\" data-element_type=\"widget\" data-widget_type=\"wp-widget-media_image.default\">\n\t\t\t\t<div class=\"elementor-widget-container\">\n\t\t\t\t\t<a href=\"\/fr\/produit\/mdfd-6\/\"><img decoding=\"async\" width=\"1200\" height=\"1200\" src=\"https:\/\/theotekgroup.com\/wp-content\/uploads\/2018\/02\/main-image-1.png\" class=\"image wp-image-12031  attachment-full size-full\" alt=\"Different View of Dry Fog Humidifier System\" style=\"max-width: 100%; height: auto;\" srcset=\"https:\/\/theotekgroup.com\/wp-content\/uploads\/2018\/02\/main-image-1-66x66.png 66w, https:\/\/theotekgroup.com\/wp-content\/uploads\/2018\/02\/main-image-1-150x150.png 150w, https:\/\/theotekgroup.com\/wp-content\/uploads\/2018\/02\/main-image-1-768x768.png 768w, https:\/\/theotekgroup.com\/wp-content\/uploads\/2018\/02\/main-image-1-1024x1024.png 1024w, https:\/\/theotekgroup.com\/wp-content\/uploads\/2018\/02\/main-image-1.png 1200w\" sizes=\"(max-width: 1200px) 100vw, 1200px\" \/><\/a>\t\t\t\t<\/div>\n\t\t\t\t<\/div>\n\t\t\t\t<div class=\"elementor-element elementor-element-138a1efa elementor-widget elementor-widget-html\" data-id=\"138a1efa\" data-element_type=\"widget\" data-widget_type=\"html.default\">\n\t\t\t\t<div class=\"elementor-widget-container\">\n\t\t\t\t\t<a href=\"\/fr\/produit\/MDFD-6\/\" style=\"text-align: center; display: block; line-height: 25px;\">MDFD-6<\/a>\t\t\t\t<\/div>\n\t\t\t\t<\/div>\n\t\t\t\t\t<\/div>\n\t\t<\/div>\n\t\t\t\t<div class=\"elementor-column elementor-col-25 elementor-top-column elementor-element elementor-element-2d595f6\" data-id=\"2d595f6\" data-element_type=\"column\">\n\t\t\t<div class=\"elementor-widget-wrap elementor-element-populated\">\n\t\t\t\t\t\t<div class=\"elementor-element elementor-element-33282b94 elementor-widget elementor-widget-wp-widget-media_image\" data-id=\"33282b94\" data-element_type=\"widget\" data-widget_type=\"wp-widget-media_image.default\">\n\t\t\t\t<div class=\"elementor-widget-container\">\n\t\t\t\t\t<a href=\"\/fr\/produit\/ht-2\/\"><img loading=\"lazy\" decoding=\"async\" width=\"1200\" height=\"1200\" src=\"https:\/\/theotekgroup.com\/wp-content\/uploads\/2018\/02\/main-image-2.png\" class=\"image wp-image-12033  attachment-full size-full\" alt=\"Black Dry Fog Humidifier System\" style=\"max-width: 100%; height: auto;\" srcset=\"https:\/\/theotekgroup.com\/wp-content\/uploads\/2018\/02\/main-image-2-66x66.png 66w, https:\/\/theotekgroup.com\/wp-content\/uploads\/2018\/02\/main-image-2-150x150.png 150w, https:\/\/theotekgroup.com\/wp-content\/uploads\/2018\/02\/main-image-2-768x768.png 768w, https:\/\/theotekgroup.com\/wp-content\/uploads\/2018\/02\/main-image-2-1024x1024.png 1024w, https:\/\/theotekgroup.com\/wp-content\/uploads\/2018\/02\/main-image-2.png 1200w\" sizes=\"(max-width: 1200px) 100vw, 1200px\" \/><\/a>\t\t\t\t<\/div>\n\t\t\t\t<\/div>\n\t\t\t\t<div class=\"elementor-element elementor-element-33271212 elementor-widget elementor-widget-html\" data-id=\"33271212\" data-element_type=\"widget\" data-widget_type=\"html.default\">\n\t\t\t\t<div class=\"elementor-widget-container\">\n\t\t\t\t\t<a href=\"\/fr\/produit\/ht-2\/\" style=\"text-align: center; display: block; line-height: 25px;\">HT-2<\/a>\t\t\t\t<\/div>\n\t\t\t\t<\/div>\n\t\t\t\t\t<\/div>\n\t\t<\/div>\n\t\t\t\t\t<\/div>\n\t\t<\/section>\n\t\t\t\t<\/div>\n\t\t","protected":false},"excerpt":{"rendered":"","protected":false},"author":1,"featured_media":0,"parent":0,"menu_order":0,"comment_status":"open","ping_status":"closed","template":"","meta":{"footnotes":""},"class_list":["post-11494","page","type-page","status-publish","hentry"],"aioseo_notices":[],"yoast_head":"<!-- This site is optimized with the Yoast SEO plugin v20.1 - https:\/\/yoast.com\/wordpress\/plugins\/seo\/ -->\n<title>MDFD Ultrasonic Foggers - Theotek Groupe Inc.<\/title>\n<meta name=\"description\" content=\"At Theotek Groupe Inc. Our MDFD ultrasonic foggers are used in a wide range of applications. Click here.\" \/>\n<meta name=\"robots\" content=\"index, follow, max-snippet:-1, max-image-preview:large, max-video-preview:-1\" \/>\n<link rel=\"canonical\" href=\"https:\/\/theotekgroup.com\/fr\/\" \/>\n<meta property=\"og:locale\" content=\"fr_FR\" \/>\n<meta property=\"og:type\" content=\"article\" \/>\n<meta property=\"og:title\" content=\"MDFD Ultrasonic Foggers - Theotek Groupe Inc.\" \/>\n<meta property=\"og:description\" content=\"At Theotek Groupe Inc. Our MDFD ultrasonic foggers are used in a wide range of applications. Click here.\" \/>\n<meta property=\"og:url\" content=\"https:\/\/theotekgroup.com\/fr\/\" \/>\n<meta property=\"og:site_name\" content=\"Theotek Groupe\" \/>\n<meta property=\"article:modified_time\" content=\"2023-02-08T09:57:20+00:00\" \/>\n<meta name=\"twitter:card\" content=\"summary_large_image\" \/>\n<meta name=\"twitter:label1\" content=\"Dur\u00e9e de lecture estim\u00e9e\" \/>\n\t<meta name=\"twitter:data1\" content=\"2 minutes\" \/>\n<script type=\"application\/ld+json\" class=\"yoast-schema-graph\">{\"@context\":\"https:\/\/schema.org\",\"@graph\":[{\"@type\":\"WebPage\",\"@id\":\"https:\/\/theotekgroup.com\/fr\/\",\"url\":\"https:\/\/theotekgroup.com\/fr\/\",\"name\":\"MDFD Ultrasonic Foggers - Theotek Groupe Inc.\",\"isPartOf\":{\"@id\":\"https:\/\/theotekgroup.com\/fr\/#website\"},\"datePublished\":\"2015-02-06T02:22:53+00:00\",\"dateModified\":\"2023-02-08T09:57:20+00:00\",\"description\":\"At Theotek Groupe Inc. Our MDFD ultrasonic foggers are used in a wide range of applications. Click here.\",\"breadcrumb\":{\"@id\":\"https:\/\/theotekgroup.com\/fr\/#breadcrumb\"},\"inLanguage\":\"fr-FR\",\"potentialAction\":[{\"@type\":\"ReadAction\",\"target\":[\"https:\/\/theotekgroup.com\/fr\/\"]}]},{\"@type\":\"BreadcrumbList\",\"@id\":\"https:\/\/theotekgroup.com\/fr\/#breadcrumb\",\"itemListElement\":[{\"@type\":\"ListItem\",\"position\":1,\"name\":\"Home\",\"item\":\"https:\/\/theotekgroup.com\/fr\/\"},{\"@type\":\"ListItem\",\"position\":2,\"name\":\"Accueil\"}]},{\"@type\":\"WebSite\",\"@id\":\"https:\/\/theotekgroup.com\/fr\/#website\",\"url\":\"https:\/\/theotekgroup.com\/fr\/\",\"name\":\"Theotek Groupe\",\"description\":\"Theotek Humidifers\",\"potentialAction\":[{\"@type\":\"SearchAction\",\"target\":{\"@type\":\"EntryPoint\",\"urlTemplate\":\"https:\/\/theotekgroup.com\/fr\/?s={search_term_string}\"},\"query-input\":\"required name=search_term_string\"}],\"inLanguage\":\"fr-FR\"}]}<\/script>\n<!-- \/ Yoast SEO plugin. -->","yoast_head_json":{"title":"MDFD Ultrasonic Foggers - Theotek Groupe Inc.","description":"At Theotek Groupe Inc. Our MDFD ultrasonic foggers are used in a wide range of applications. Click here.","robots":{"index":"index","follow":"follow","max-snippet":"max-snippet:-1","max-image-preview":"max-image-preview:large","max-video-preview":"max-video-preview:-1"},"canonical":"https:\/\/theotekgroup.com\/fr\/","og_locale":"fr_FR","og_type":"article","og_title":"MDFD Ultrasonic Foggers - Theotek Groupe Inc.","og_description":"At Theotek Groupe Inc. Our MDFD ultrasonic foggers are used in a wide range of applications. Click here.","og_url":"https:\/\/theotekgroup.com\/fr\/","og_site_name":"Theotek Groupe","article_modified_time":"2023-02-08T09:57:20+00:00","twitter_card":"summary_large_image","twitter_misc":{"Dur\u00e9e de lecture estim\u00e9e":"2 minutes"},"schema":{"@context":"https:\/\/schema.org","@graph":[{"@type":"WebPage","@id":"https:\/\/theotekgroup.com\/fr\/","url":"https:\/\/theotekgroup.com\/fr\/","name":"MDFD Ultrasonic Foggers - Theotek Groupe Inc.","isPartOf":{"@id":"https:\/\/theotekgroup.com\/fr\/#website"},"datePublished":"2015-02-06T02:22:53+00:00","dateModified":"2023-02-08T09:57:20+00:00","description":"At Theotek Groupe Inc. Our MDFD ultrasonic foggers are used in a wide range of applications. Click here.","breadcrumb":{"@id":"https:\/\/theotekgroup.com\/fr\/#breadcrumb"},"inLanguage":"fr-FR","potentialAction":[{"@type":"ReadAction","target":["https:\/\/theotekgroup.com\/fr\/"]}]},{"@type":"BreadcrumbList","@id":"https:\/\/theotekgroup.com\/fr\/#breadcrumb","itemListElement":[{"@type":"ListItem","position":1,"name":"Home","item":"https:\/\/theotekgroup.com\/fr\/"},{"@type":"ListItem","position":2,"name":"Accueil"}]},{"@type":"WebSite","@id":"https:\/\/theotekgroup.com\/fr\/#website","url":"https:\/\/theotekgroup.com\/fr\/","name":"Theotek Groupe","description":"Theotek Humidifers","potentialAction":[{"@type":"SearchAction","target":{"@type":"EntryPoint","urlTemplate":"https:\/\/theotekgroup.com\/fr\/?s={search_term_string}"},"query-input":"required name=search_term_string"}],"inLanguage":"fr-FR"}]}},"_links":{"self":[{"href":"https:\/\/theotekgroup.com\/fr\/wp-json\/wp\/v2\/pages\/11494","targetHints":{"allow":["GET"]}}],"collection":[{"href":"https:\/\/theotekgroup.com\/fr\/wp-json\/wp\/v2\/pages"}],"about":[{"href":"https:\/\/theotekgroup.com\/fr\/wp-json\/wp\/v2\/types\/page"}],"author":[{"embeddable":true,"href":"https:\/\/theotekgroup.com\/fr\/wp-json\/wp\/v2\/users\/1"}],"replies":[{"embeddable":true,"href":"https:\/\/theotekgroup.com\/fr\/wp-json\/wp\/v2\/comments?post=11494"}],"version-history":[{"count":20,"href":"https:\/\/theotekgroup.com\/fr\/wp-json\/wp\/v2\/pages\/11494\/revisions"}],"predecessor-version":[{"id":13942,"href":"https:\/\/theotekgroup.com\/fr\/wp-json\/wp\/v2\/pages\/11494\/revisions\/13942"}],"wp:attachment":[{"href":"https:\/\/theotekgroup.com\/fr\/wp-json\/wp\/v2\/media?parent=11494"}],"curies":[{"name":"wp","href":"https:\/\/api.w.org\/{rel}","templated":true}]}}