{"id":11507,"date":"2015-05-18T19:20:52","date_gmt":"2015-05-18T19:20:52","guid":{"rendered":"https:\/\/theotekgroup.com\/?page_id=11507"},"modified":"2021-02-17T19:08:38","modified_gmt":"2021-02-17T19:08:38","slug":"service-a-la-clientele","status":"publish","type":"page","link":"https:\/\/theotekgroup.com\/fr\/service-a-la-clientele\/","title":{"rendered":"Service a\u0300 la cliente\u0300le"},"content":{"rendered":"\t\t<div data-elementor-type=\"wp-page\" data-elementor-id=\"11507\" class=\"elementor elementor-11507 elementor-11302 elementor-bc-flex-widget\">\n\t\t\t\t\t\t<section class=\"elementor-section elementor-top-section elementor-element elementor-element-526f4b3c elementor-section-boxed elementor-section-height-default elementor-section-height-default\" data-id=\"526f4b3c\" data-element_type=\"section\">\n\t\t\t\t\t\t<div class=\"elementor-container elementor-column-gap-default\">\n\t\t\t\t\t<div class=\"elementor-column elementor-col-100 elementor-top-column elementor-element elementor-element-4132e447\" data-id=\"4132e447\" data-element_type=\"column\">\n\t\t\t<div class=\"elementor-widget-wrap elementor-element-populated\">\n\t\t\t\t\t\t<div class=\"elementor-element elementor-element-6109c678 elementor-widget elementor-widget-image\" data-id=\"6109c678\" data-element_type=\"widget\" data-widget_type=\"image.default\">\n\t\t\t\t<div class=\"elementor-widget-container\">\n\t\t\t\t\t\t\t\t\t\t\t\t\t\t\t<img fetchpriority=\"high\" decoding=\"async\" width=\"1100\" height=\"320\" src=\"https:\/\/theotekgroup.com\/wp-content\/uploads\/2018\/03\/banner-2.jpg\" class=\"attachment-full size-full wp-image-12193\" alt=\"The view of a pen laptop and notebook\" srcset=\"https:\/\/theotekgroup.com\/wp-content\/uploads\/2018\/03\/banner-2-768x223.jpg 768w, https:\/\/theotekgroup.com\/wp-content\/uploads\/2018\/03\/banner-2-1024x298.jpg 1024w, https:\/\/theotekgroup.com\/wp-content\/uploads\/2018\/03\/banner-2.jpg 1100w\" sizes=\"(max-width: 1100px) 100vw, 1100px\" \/>\t\t\t\t\t\t\t\t\t\t\t\t\t\t\t<\/div>\n\t\t\t\t<\/div>\n\t\t\t\t<div class=\"elementor-element elementor-element-7235f917 elementor-widget elementor-widget-heading\" data-id=\"7235f917\" data-element_type=\"widget\" data-widget_type=\"heading.default\">\n\t\t\t\t<div class=\"elementor-widget-container\">\n\t\t\t\t\t<h1 class=\"elementor-heading-title elementor-size-default\">Nous sommes ici pour aider.<\/h1>\t\t\t\t<\/div>\n\t\t\t\t<\/div>\n\t\t\t\t<div class=\"elementor-element elementor-element-21b9de8a elementor-widget elementor-widget-text-editor\" data-id=\"21b9de8a\" data-element_type=\"widget\" data-widget_type=\"text-editor.default\">\n\t\t\t\t<div class=\"elementor-widget-container\">\n\t\t\t\t\t\t\t\t\t<p>Notre service client\u00e8le est \u00e0 votre disposition pour vous assister, 24 h, avec vos questions concernant l&#8217;installation, la fonctionnalit\u00e9 et les pi\u00e8ces de rechange pour les syst\u00e8mes des brumisateurs ultrasoniques MDFD.<\/p><p>Avoir toutes les pi\u00e8ces de rechange, toujours, en stock, notre service client\u00e8le peut vous envoyer, dans un d\u00e9lai de 24h, les pi\u00e8ces demand\u00e9es afin que vos syst\u00e8mes seront fonctionnelles sans aucun inconv\u00e9nient.<\/p><p>\u00c0 votre demande, nous pouvons visiter et inspecter vos installations dans vos entreprises, \u00e9couter vos besoins et vous proposer les solutions optimales pour les applications de vos projets. Nous serons heureux de partager avec vous notre exp\u00e9rience de nos derni\u00e8res installations, qui peuvent \u00eatre en mesure d&#8217;aider votre entreprise.<\/p><p>Un entretien annuel des syst\u00e8mes des brumisateurs ultrasoniques MDFD, est disponible, comme service, a votre demand\u00e9, qui aidera \u00e0 garder vos syst\u00e8mes d&#8217;\u00eatre fonctionnel pendant de nombreuses ann\u00e9es.<\/p><p>Vous pouvez toujours contacter notre service \u00e0 la client\u00e8le au (514)892-0246 ou par courriel \u00e0 <a href=\"mailto:info@theotekgroup.com\">info@theotekgroup.com<\/a><\/p>\t\t\t\t\t\t\t\t<\/div>\n\t\t\t\t<\/div>\n\t\t\t\t<section class=\"elementor-section elementor-inner-section elementor-element elementor-element-6f94bbfc elementor-section-boxed elementor-section-height-default elementor-section-height-default\" data-id=\"6f94bbfc\" data-element_type=\"section\">\n\t\t\t\t\t\t<div class=\"elementor-container elementor-column-gap-default\">\n\t\t\t\t\t<div class=\"elementor-column elementor-col-25 elementor-inner-column elementor-element elementor-element-2e44ca94\" data-id=\"2e44ca94\" data-element_type=\"column\">\n\t\t\t<div class=\"elementor-widget-wrap elementor-element-populated\">\n\t\t\t\t\t\t<div class=\"elementor-element elementor-element-24d985f2 elementor-widget elementor-widget-wp-widget-media_image\" data-id=\"24d985f2\" data-element_type=\"widget\" data-widget_type=\"wp-widget-media_image.default\">\n\t\t\t\t<div class=\"elementor-widget-container\">\n\t\t\t\t\t<a href=\"\/fr\/service-a-la-clientele\/mdfd-1\/\"><img decoding=\"async\" width=\"1200\" height=\"1200\" src=\"https:\/\/theotekgroup.com\/wp-content\/uploads\/2018\/02\/gallery-image.png\" class=\"image wp-image-11869  attachment-full size-full\" alt=\"One head Ultrasonic dry fog humidifier system\" style=\"max-width: 100%; height: auto;\" srcset=\"https:\/\/theotekgroup.com\/wp-content\/uploads\/2018\/02\/gallery-image-66x66.png 66w, https:\/\/theotekgroup.com\/wp-content\/uploads\/2018\/02\/gallery-image-150x150.png 150w, https:\/\/theotekgroup.com\/wp-content\/uploads\/2018\/02\/gallery-image-768x768.png 768w, https:\/\/theotekgroup.com\/wp-content\/uploads\/2018\/02\/gallery-image-1024x1024.png 1024w, https:\/\/theotekgroup.com\/wp-content\/uploads\/2018\/02\/gallery-image.png 1200w\" sizes=\"(max-width: 1200px) 100vw, 1200px\" \/><\/a>\t\t\t\t<\/div>\n\t\t\t\t<\/div>\n\t\t\t\t<div class=\"elementor-element elementor-element-6ae12c7c elementor-widget elementor-widget-html\" data-id=\"6ae12c7c\" data-element_type=\"widget\" data-widget_type=\"html.default\">\n\t\t\t\t<div class=\"elementor-widget-container\">\n\t\t\t\t\t<a href=\"\/fr\/service-a-la-clientele\/MDFD-1\/\" style=\"text-align: center; display: block; line-height: 25px;\">MDFD-1<\/a>\t\t\t\t<\/div>\n\t\t\t\t<\/div>\n\t\t\t\t\t<\/div>\n\t\t<\/div>\n\t\t\t\t<div class=\"elementor-column elementor-col-25 elementor-inner-column elementor-element elementor-element-478b3bbc\" data-id=\"478b3bbc\" data-element_type=\"column\">\n\t\t\t<div class=\"elementor-widget-wrap elementor-element-populated\">\n\t\t\t\t\t\t<div class=\"elementor-element elementor-element-72a96354 elementor-widget elementor-widget-wp-widget-media_image\" data-id=\"72a96354\" data-element_type=\"widget\" data-widget_type=\"wp-widget-media_image.default\">\n\t\t\t\t<div class=\"elementor-widget-container\">\n\t\t\t\t\t<a href=\"\/fr\/service-a-la-clientele\/mdfd-4\/\"><img decoding=\"async\" width=\"1200\" height=\"1200\" src=\"https:\/\/theotekgroup.com\/wp-content\/uploads\/2018\/02\/main-image.png\" class=\"image wp-image-12028  attachment-full size-full\" alt=\"Dry Fog Humidifier For Mushrooms grey\" style=\"max-width: 100%; height: auto;\" srcset=\"https:\/\/theotekgroup.com\/wp-content\/uploads\/2018\/02\/main-image-66x66.png 66w, https:\/\/theotekgroup.com\/wp-content\/uploads\/2018\/02\/main-image-150x150.png 150w, https:\/\/theotekgroup.com\/wp-content\/uploads\/2018\/02\/main-image-768x768.png 768w, https:\/\/theotekgroup.com\/wp-content\/uploads\/2018\/02\/main-image-1024x1024.png 1024w, https:\/\/theotekgroup.com\/wp-content\/uploads\/2018\/02\/main-image.png 1200w\" sizes=\"(max-width: 1200px) 100vw, 1200px\" \/><\/a>\t\t\t\t<\/div>\n\t\t\t\t<\/div>\n\t\t\t\t<div class=\"elementor-element elementor-element-2d402fbc elementor-widget elementor-widget-html\" data-id=\"2d402fbc\" data-element_type=\"widget\" data-widget_type=\"html.default\">\n\t\t\t\t<div class=\"elementor-widget-container\">\n\t\t\t\t\t<a href=\"\/fr\/service-a-la-clientele\/MDFD-4\/\" style=\"text-align: center; display: block; line-height: 25px;\">MDFD-4<\/a>\t\t\t\t<\/div>\n\t\t\t\t<\/div>\n\t\t\t\t\t<\/div>\n\t\t<\/div>\n\t\t\t\t<div class=\"elementor-column elementor-col-25 elementor-inner-column elementor-element elementor-element-50ae6f05\" data-id=\"50ae6f05\" data-element_type=\"column\">\n\t\t\t<div class=\"elementor-widget-wrap elementor-element-populated\">\n\t\t\t\t\t\t<div class=\"elementor-element elementor-element-775ef1d4 elementor-widget elementor-widget-wp-widget-media_image\" data-id=\"775ef1d4\" data-element_type=\"widget\" data-widget_type=\"wp-widget-media_image.default\">\n\t\t\t\t<div class=\"elementor-widget-container\">\n\t\t\t\t\t<a href=\"\/fr\/service-a-la-clientele\/mdfd-6\/\"><img loading=\"lazy\" decoding=\"async\" width=\"1200\" height=\"1200\" src=\"https:\/\/theotekgroup.com\/wp-content\/uploads\/2018\/02\/main-image-1.png\" class=\"image wp-image-12031  attachment-full size-full\" alt=\"Different View of Dry Fog Humidifier System\" style=\"max-width: 100%; height: auto;\" srcset=\"https:\/\/theotekgroup.com\/wp-content\/uploads\/2018\/02\/main-image-1-66x66.png 66w, https:\/\/theotekgroup.com\/wp-content\/uploads\/2018\/02\/main-image-1-150x150.png 150w, https:\/\/theotekgroup.com\/wp-content\/uploads\/2018\/02\/main-image-1-768x768.png 768w, https:\/\/theotekgroup.com\/wp-content\/uploads\/2018\/02\/main-image-1-1024x1024.png 1024w, https:\/\/theotekgroup.com\/wp-content\/uploads\/2018\/02\/main-image-1.png 1200w\" sizes=\"(max-width: 1200px) 100vw, 1200px\" \/><\/a>\t\t\t\t<\/div>\n\t\t\t\t<\/div>\n\t\t\t\t<div class=\"elementor-element elementor-element-5cdcc63c elementor-widget elementor-widget-html\" data-id=\"5cdcc63c\" data-element_type=\"widget\" data-widget_type=\"html.default\">\n\t\t\t\t<div class=\"elementor-widget-container\">\n\t\t\t\t\t<a href=\"\/fr\/service-a-la-clientele\/MDFD-6\/\" style=\"text-align: center; display: block; line-height: 25px;\">MDFD-6<\/a>\t\t\t\t<\/div>\n\t\t\t\t<\/div>\n\t\t\t\t\t<\/div>\n\t\t<\/div>\n\t\t\t\t<div class=\"elementor-column elementor-col-25 elementor-inner-column elementor-element elementor-element-57e45773\" data-id=\"57e45773\" data-element_type=\"column\">\n\t\t\t<div class=\"elementor-widget-wrap elementor-element-populated\">\n\t\t\t\t\t\t<div class=\"elementor-element elementor-element-589691f elementor-widget elementor-widget-wp-widget-media_image\" data-id=\"589691f\" data-element_type=\"widget\" data-widget_type=\"wp-widget-media_image.default\">\n\t\t\t\t<div class=\"elementor-widget-container\">\n\t\t\t\t\t<a href=\"\/fr\/service-a-la-clientele\/ht-2\/\"><img loading=\"lazy\" decoding=\"async\" width=\"1200\" height=\"1200\" src=\"https:\/\/theotekgroup.com\/wp-content\/uploads\/2018\/02\/main-image-2.png\" class=\"image wp-image-12033  attachment-full size-full\" alt=\"Black Dry Fog Humidifier System\" style=\"max-width: 100%; height: auto;\" srcset=\"https:\/\/theotekgroup.com\/wp-content\/uploads\/2018\/02\/main-image-2-66x66.png 66w, https:\/\/theotekgroup.com\/wp-content\/uploads\/2018\/02\/main-image-2-150x150.png 150w, https:\/\/theotekgroup.com\/wp-content\/uploads\/2018\/02\/main-image-2-768x768.png 768w, https:\/\/theotekgroup.com\/wp-content\/uploads\/2018\/02\/main-image-2-1024x1024.png 1024w, https:\/\/theotekgroup.com\/wp-content\/uploads\/2018\/02\/main-image-2.png 1200w\" sizes=\"(max-width: 1200px) 100vw, 1200px\" \/><\/a>\t\t\t\t<\/div>\n\t\t\t\t<\/div>\n\t\t\t\t<div class=\"elementor-element elementor-element-18d870f8 elementor-widget elementor-widget-html\" data-id=\"18d870f8\" data-element_type=\"widget\" data-widget_type=\"html.default\">\n\t\t\t\t<div class=\"elementor-widget-container\">\n\t\t\t\t\t<a href=\"\/fr\/service-a-la-clientele\/ht-2\/\" style=\"text-align: center; display: block; line-height: 25px;\">HT-2<\/a>\t\t\t\t<\/div>\n\t\t\t\t<\/div>\n\t\t\t\t\t<\/div>\n\t\t<\/div>\n\t\t\t\t\t<\/div>\n\t\t<\/section>\n\t\t\t\t\t<\/div>\n\t\t<\/div>\n\t\t\t\t\t<\/div>\n\t\t<\/section>\n\t\t\t\t<\/div>\n\t\t","protected":false},"excerpt":{"rendered":"<p>Nous sommes ici pour aider. Notre service client\u00e8le est \u00e0 votre disposition pour vous assister, 24 h, avec vos questions concernant l&#8217;installation, la fonctionnalit\u00e9 et les pi\u00e8ces de rechange pour les syst\u00e8mes des brumisateurs ultrasoniques MDFD. Avoir toutes les pi\u00e8ces de rechange, toujours, en stock, notre service client\u00e8le peut vous envoyer, dans un d\u00e9lai de [&hellip;]<\/p>\n","protected":false},"author":1,"featured_media":0,"parent":0,"menu_order":0,"comment_status":"open","ping_status":"open","template":"","meta":{"footnotes":""},"class_list":["post-11507","page","type-page","status-publish","hentry"],"aioseo_notices":[],"yoast_head":"<!-- This site is optimized with the Yoast SEO plugin v20.1 - https:\/\/yoast.com\/wordpress\/plugins\/seo\/ -->\n<title>Service a\u0300 la cliente\u0300le - Theotek Groupe<\/title>\n<meta name=\"robots\" content=\"index, follow, max-snippet:-1, max-image-preview:large, max-video-preview:-1\" \/>\n<link rel=\"canonical\" href=\"https:\/\/theotekgroup.com\/fr\/service-a-la-clientele\/\" \/>\n<meta property=\"og:locale\" content=\"fr_FR\" \/>\n<meta property=\"og:type\" content=\"article\" \/>\n<meta property=\"og:title\" content=\"Service a\u0300 la cliente\u0300le - Theotek Groupe\" \/>\n<meta property=\"og:description\" content=\"Nous sommes ici pour aider. Notre service client\u00e8le est \u00e0 votre disposition pour vous assister, 24 h, avec vos questions concernant l&#8217;installation, la fonctionnalit\u00e9 et les pi\u00e8ces de rechange pour les syst\u00e8mes des brumisateurs ultrasoniques MDFD. Avoir toutes les pi\u00e8ces de rechange, toujours, en stock, notre service client\u00e8le peut vous envoyer, dans un d\u00e9lai de [&hellip;]\" \/>\n<meta property=\"og:url\" content=\"https:\/\/theotekgroup.com\/fr\/service-a-la-clientele\/\" \/>\n<meta property=\"og:site_name\" content=\"Theotek Groupe\" \/>\n<meta property=\"article:modified_time\" content=\"2021-02-17T19:08:38+00:00\" \/>\n<meta property=\"og:image\" content=\"https:\/\/theotekgroup.com\/wp-content\/uploads\/2018\/03\/banner-2.jpg\" \/>\n<meta name=\"twitter:card\" content=\"summary_large_image\" \/>\n<meta name=\"twitter:label1\" content=\"Dur\u00e9e de lecture estim\u00e9e\" \/>\n\t<meta name=\"twitter:data1\" content=\"1 minute\" \/>\n<script type=\"application\/ld+json\" class=\"yoast-schema-graph\">{\"@context\":\"https:\/\/schema.org\",\"@graph\":[{\"@type\":\"WebPage\",\"@id\":\"https:\/\/theotekgroup.com\/fr\/service-a-la-clientele\/\",\"url\":\"https:\/\/theotekgroup.com\/fr\/service-a-la-clientele\/\",\"name\":\"Service a\u0300 la cliente\u0300le - Theotek Groupe\",\"isPartOf\":{\"@id\":\"https:\/\/theotekgroup.com\/fr\/#website\"},\"datePublished\":\"2015-05-18T19:20:52+00:00\",\"dateModified\":\"2021-02-17T19:08:38+00:00\",\"breadcrumb\":{\"@id\":\"https:\/\/theotekgroup.com\/fr\/service-a-la-clientele\/#breadcrumb\"},\"inLanguage\":\"fr-FR\",\"potentialAction\":[{\"@type\":\"ReadAction\",\"target\":[\"https:\/\/theotekgroup.com\/fr\/service-a-la-clientele\/\"]}]},{\"@type\":\"BreadcrumbList\",\"@id\":\"https:\/\/theotekgroup.com\/fr\/service-a-la-clientele\/#breadcrumb\",\"itemListElement\":[{\"@type\":\"ListItem\",\"position\":1,\"name\":\"Home\",\"item\":\"https:\/\/theotekgroup.com\/fr\/\"},{\"@type\":\"ListItem\",\"position\":2,\"name\":\"Service a\u0300 la cliente\u0300le\"}]},{\"@type\":\"WebSite\",\"@id\":\"https:\/\/theotekgroup.com\/fr\/#website\",\"url\":\"https:\/\/theotekgroup.com\/fr\/\",\"name\":\"Theotek Groupe\",\"description\":\"Theotek Humidifers\",\"potentialAction\":[{\"@type\":\"SearchAction\",\"target\":{\"@type\":\"EntryPoint\",\"urlTemplate\":\"https:\/\/theotekgroup.com\/fr\/?s={search_term_string}\"},\"query-input\":\"required name=search_term_string\"}],\"inLanguage\":\"fr-FR\"}]}<\/script>\n<!-- \/ Yoast SEO plugin. -->","yoast_head_json":{"title":"Service a\u0300 la cliente\u0300le - Theotek Groupe","robots":{"index":"index","follow":"follow","max-snippet":"max-snippet:-1","max-image-preview":"max-image-preview:large","max-video-preview":"max-video-preview:-1"},"canonical":"https:\/\/theotekgroup.com\/fr\/service-a-la-clientele\/","og_locale":"fr_FR","og_type":"article","og_title":"Service a\u0300 la cliente\u0300le - Theotek Groupe","og_description":"Nous sommes ici pour aider. Notre service client\u00e8le est \u00e0 votre disposition pour vous assister, 24 h, avec vos questions concernant l&#8217;installation, la fonctionnalit\u00e9 et les pi\u00e8ces de rechange pour les syst\u00e8mes des brumisateurs ultrasoniques MDFD. Avoir toutes les pi\u00e8ces de rechange, toujours, en stock, notre service client\u00e8le peut vous envoyer, dans un d\u00e9lai de [&hellip;]","og_url":"https:\/\/theotekgroup.com\/fr\/service-a-la-clientele\/","og_site_name":"Theotek Groupe","article_modified_time":"2021-02-17T19:08:38+00:00","og_image":[{"url":"https:\/\/theotekgroup.com\/wp-content\/uploads\/2018\/03\/banner-2.jpg"}],"twitter_card":"summary_large_image","twitter_misc":{"Dur\u00e9e de lecture estim\u00e9e":"1 minute"},"schema":{"@context":"https:\/\/schema.org","@graph":[{"@type":"WebPage","@id":"https:\/\/theotekgroup.com\/fr\/service-a-la-clientele\/","url":"https:\/\/theotekgroup.com\/fr\/service-a-la-clientele\/","name":"Service a\u0300 la cliente\u0300le - Theotek Groupe","isPartOf":{"@id":"https:\/\/theotekgroup.com\/fr\/#website"},"datePublished":"2015-05-18T19:20:52+00:00","dateModified":"2021-02-17T19:08:38+00:00","breadcrumb":{"@id":"https:\/\/theotekgroup.com\/fr\/service-a-la-clientele\/#breadcrumb"},"inLanguage":"fr-FR","potentialAction":[{"@type":"ReadAction","target":["https:\/\/theotekgroup.com\/fr\/service-a-la-clientele\/"]}]},{"@type":"BreadcrumbList","@id":"https:\/\/theotekgroup.com\/fr\/service-a-la-clientele\/#breadcrumb","itemListElement":[{"@type":"ListItem","position":1,"name":"Home","item":"https:\/\/theotekgroup.com\/fr\/"},{"@type":"ListItem","position":2,"name":"Service a\u0300 la cliente\u0300le"}]},{"@type":"WebSite","@id":"https:\/\/theotekgroup.com\/fr\/#website","url":"https:\/\/theotekgroup.com\/fr\/","name":"Theotek Groupe","description":"Theotek Humidifers","potentialAction":[{"@type":"SearchAction","target":{"@type":"EntryPoint","urlTemplate":"https:\/\/theotekgroup.com\/fr\/?s={search_term_string}"},"query-input":"required name=search_term_string"}],"inLanguage":"fr-FR"}]}},"_links":{"self":[{"href":"https:\/\/theotekgroup.com\/fr\/wp-json\/wp\/v2\/pages\/11507","targetHints":{"allow":["GET"]}}],"collection":[{"href":"https:\/\/theotekgroup.com\/fr\/wp-json\/wp\/v2\/pages"}],"about":[{"href":"https:\/\/theotekgroup.com\/fr\/wp-json\/wp\/v2\/types\/page"}],"author":[{"embeddable":true,"href":"https:\/\/theotekgroup.com\/fr\/wp-json\/wp\/v2\/users\/1"}],"replies":[{"embeddable":true,"href":"https:\/\/theotekgroup.com\/fr\/wp-json\/wp\/v2\/comments?post=11507"}],"version-history":[{"count":11,"href":"https:\/\/theotekgroup.com\/fr\/wp-json\/wp\/v2\/pages\/11507\/revisions"}],"predecessor-version":[{"id":13015,"href":"https:\/\/theotekgroup.com\/fr\/wp-json\/wp\/v2\/pages\/11507\/revisions\/13015"}],"wp:attachment":[{"href":"https:\/\/theotekgroup.com\/fr\/wp-json\/wp\/v2\/media?parent=11507"}],"curies":[{"name":"wp","href":"https:\/\/api.w.org\/{rel}","templated":true}]}}