{"id":11516,"date":"2015-05-18T19:34:34","date_gmt":"2015-05-18T19:34:34","guid":{"rendered":"https:\/\/theotekgroup.com\/?page_id=11516"},"modified":"2021-02-17T19:08:38","modified_gmt":"2021-02-17T19:08:38","slug":"qualite","status":"publish","type":"page","link":"https:\/\/theotekgroup.com\/fr\/qualite\/","title":{"rendered":"Qualit\u00e9"},"content":{"rendered":"<p><div class=\"fusion-fullwidth fullwidth-box fusion-builder-row-1 nonhundred-percent-fullwidth non-hundred-percent-height-scrolling\" style=\"--awb-background-position:left top;--awb-border-radius-top-left:0px;--awb-border-radius-top-right:0px;--awb-border-radius-bottom-right:0px;--awb-border-radius-bottom-left:0px;--awb-padding-top:20px;--awb-padding-right:0px;--awb-padding-bottom:20px;--awb-padding-left:0px;--awb-border-sizes-top:0px;--awb-border-sizes-bottom:0px;\" ><div class=\"fusion-builder-row fusion-row\"><div class=\"fusion-layout-column fusion_builder_column fusion-builder-column-0 fusion_builder_column_1_1 1_1 fusion-one-full fusion-column-first fusion-column-last fusion-column-no-min-height\" style=\"--awb-bg-size:cover;--awb-margin-bottom:0px;\"><div class=\"fusion-column-wrapper fusion-flex-column-wrapper-legacy\">\n<div class=\"fusion-slider-revolution rev_slider_wrapper\">\t\t\t<!-- START Quality REVOLUTION SLIDER 6.6.10 --><p class=\"rs-p-wp-fix\"><\/p>\n\t\t\t<rs-module-wrap id=\"rev_slider_13_1_wrapper\" data-source=\"gallery\" style=\"visibility:hidden;background:#E9E9E9;padding:0;margin:0px auto;margin-top:0;margin-bottom:0;\">\n\t\t\t\t<rs-module id=\"rev_slider_13_1\" style=\"\" data-version=\"6.6.10\">\n\t\t\t\t\t<rs-slides style=\"overflow: hidden; position: absolute;\">\n\t\t\t\t\t\t<rs-slide style=\"position: absolute;\" data-key=\"rs-55\" data-title=\"Slide\" data-in=\"prst:rndany;y:(100%);\" data-out=\"sx:0.85;sy:0.85;\">\n\t\t\t\t\t\t\t<img decoding=\"async\" src=\"\/\/theotekgroup.com\/wp-content\/plugins\/revslider\/public\/assets\/assets\/dummy.png\" alt=\"\" title=\"Qualit\u00e9\" class=\"rev-slidebg tp-rs-img rs-lazyload\" data-lazyload=\"\/\/t2g.4a6.myftpupload.com\/wp-content\/uploads\/2015\/03\/slider22.jpg\" data-no-retina>\n<!---->\t\t\t\t\t\t<\/rs-slide>\n\t\t\t\t\t\t<rs-slide style=\"position: absolute;\" data-key=\"rs-56\" data-title=\"Slide\" data-anim=\"o:outin;\" data-in=\"prst:rndany;o:0;sx:0.85;sy:0.85;\" data-out=\"y:(100%);\">\n\t\t\t\t\t\t\t<img decoding=\"async\" src=\"\/\/theotekgroup.com\/wp-content\/plugins\/revslider\/public\/assets\/assets\/dummy.png\" alt=\"\" title=\"Qualit\u00e9\" class=\"rev-slidebg tp-rs-img rs-lazyload\" data-lazyload=\"\/\/t2g.4a6.myftpupload.com\/wp-content\/uploads\/2015\/03\/slider12.jpg\" data-no-retina>\n<!---->\t\t\t\t\t\t<\/rs-slide>\n\t\t\t\t\t\t<rs-slide style=\"position: absolute;\" data-key=\"rs-57\" data-title=\"Slide\" data-anim=\"ms:2000;\" data-in=\"prst:rndany;o:0;\" data-out=\"a:false;\" data-d3=\"f:turn;d:vertical;su:true;\">\n\t\t\t\t\t\t\t<img decoding=\"async\" src=\"\/\/theotekgroup.com\/wp-content\/plugins\/revslider\/public\/assets\/assets\/dummy.png\" alt=\"\" title=\"Qualit\u00e9\" class=\"rev-slidebg tp-rs-img rs-lazyload\" data-lazyload=\"\/\/t2g.4a6.myftpupload.com\/wp-content\/uploads\/2015\/03\/slider32.jpg\" data-no-retina>\n<!---->\t\t\t\t\t\t<\/rs-slide>\n\t\t\t\t\t<\/rs-slides>\n\t\t\t\t<\/rs-module>\n\t\t\t\t<script>\n\t\t\t\t\tsetREVStartSize({c: 'rev_slider_13_1',rl:[1240,1024,778,480],el:[],gw:[1100],gh:[320],type:'standard',justify:'',layout:'fullwidth',mh:\"320\"});if (window.RS_MODULES!==undefined && window.RS_MODULES.modules!==undefined && window.RS_MODULES.modules[\"revslider131\"]!==undefined) {window.RS_MODULES.modules[\"revslider131\"].once = false;window.revapi13 = undefined;if (window.RS_MODULES.checkMinimal!==undefined) window.RS_MODULES.checkMinimal()}\n\t\t\t\t<\/script>\n\t\t\t<\/rs-module-wrap>\n\t\t\t<!-- END REVOLUTION SLIDER -->\n<\/div><div class=\"fusion-clearfix\"><\/div><\/div><\/div><\/div><\/div><div class=\"fusion-fullwidth fullwidth-box fusion-builder-row-2 hundred-percent-fullwidth non-hundred-percent-height-scrolling\" style=\"--awb-border-radius-top-left:0px;--awb-border-radius-top-right:0px;--awb-border-radius-bottom-right:0px;--awb-border-radius-bottom-left:0px;--awb-overflow:visible;--awb-background-color:rgba(255,255,255,0);\" ><div class=\"fusion-builder-row fusion-row\"><div class=\"fusion-layout-column fusion_builder_column fusion-builder-column-1 fusion_builder_column_1_1 1_1 fusion-one-full fusion-column-first fusion-column-last fusion-column-no-min-height\" style=\"--awb-bg-size:cover;--awb-margin-bottom:0px;\"><div class=\"fusion-column-wrapper fusion-flex-column-wrapper-legacy\"><div class=\"fusion-sep-clear\"><\/div><div class=\"fusion-separator fusion-full-width-sep\" style=\"margin-left: auto;margin-right: auto;width:100%;\"><\/div><div class=\"fusion-sep-clear\"><\/div><div class=\"fusion-clearfix\"><\/div><\/div><\/div><\/div><\/div><div class=\"fusion-fullwidth fullwidth-box fusion-builder-row-3 hundred-percent-fullwidth non-hundred-percent-height-scrolling\" style=\"--awb-border-radius-top-left:0px;--awb-border-radius-top-right:0px;--awb-border-radius-bottom-right:0px;--awb-border-radius-bottom-left:0px;--awb-overflow:visible;\" ><div class=\"fusion-builder-row fusion-row\"><div class=\"fusion-layout-column fusion_builder_column fusion-builder-column-2 fusion_builder_column_2_5 2_5 fusion-two-fifth fusion-column-first\" style=\"--awb-bg-size:cover;width:37.6%; margin-right: 4%;\"><div class=\"fusion-column-wrapper fusion-flex-column-wrapper-legacy\"><div class=\"fusion-title title fusion-title-1 fusion-title-text fusion-title-size-two\"><h2 class=\"title-heading-left\" style=\"margin:0;\">Contr\u00f4le de la qualit\u00e9<\/h2><span class=\"awb-title-spacer\"><\/span><div class=\"title-sep-container\"><div class=\"title-sep sep-single sep-solid\" style=\"border-color:#e0dede;\"><\/div><\/div><\/div><div class=\"fusion-text fusion-text-1\"><p>En associant les meilleurs \u00e9quipements et logiciels pour le contr\u00f4le de la qualit\u00e9 actuellement disponibles sur le march\u00e9, <strong>Theotek Groupe Inc.<\/strong> est capable de g\u00e9rer avec minutie la pr\u00e9cision de volumes importants de pi\u00e8ces \u00e0 travers le processus de fabrication sur une base quotidienne.<\/p>\n<p>Dans le cadre de notre programme d&#8217;entretien pr\u00e9ventif complet, tous les \u00e9quipements de m\u00e9trologie sont entretenus et \u00e9talonn\u00e9s r\u00e9guli\u00e8rement.<br \/>\nToutes les op\u00e9rations de fabrication, de la r\u00e9ception des mati\u00e8res premi\u00e8res, au premier article, de l&#8217;inspection en cours de fabrication \u00e0 l&#8217;inspection finale, sont en accords complets avec les caract\u00e9ristiques essentielles et en conformit\u00e9 avec les sp\u00e9cifications du client.<\/p>\n<p>\u00c0 toutes les phases du proc\u00e9d\u00e9 de fabrication, les inspecteurs de contr\u00f4le de qualit\u00e9 sont consult\u00e9s pour leur approbation pr\u00e9alable \u00e0 tous les cycles de production. Tous les produits finis subissent un contr\u00f4le final minutieux , en conformit\u00e9 avec les proc\u00e9dures de qualit\u00e9 de la norme ISO 9001- 2001.<\/p>\n<p><strong>Theotek Groupe Inc.<\/strong> est engag\u00e9 \u00e0 r\u00e9pondre aux exigences de qualit\u00e9 de nos clients et le maintien de la satisfaction de la client\u00e8le pour les services que nous offrons.<\/p>\n<\/div><div class=\"fusion-aligncenter\"><a class=\"fusion-button button-flat button-small button-default fusion-button-default button-1 fusion-button-default-span fusion-button-default-type\" target=\"_self\" href=\"https:\/\/theotekgroup.com\/fr\/demander-devis\/\"><span class=\"fusion-button-text\">Demander un devis<\/span><\/a><\/div><div class=\"fusion-clearfix\"><\/div><\/div><\/div><div class=\"fusion-layout-column fusion_builder_column fusion-builder-column-3 fusion_builder_column_3_5 3_5 fusion-three-fifth fusion-column-last\" style=\"--awb-bg-size:cover;width:58.4%;\"><div class=\"fusion-column-wrapper fusion-flex-column-wrapper-legacy\"><div class=\"fusion-title title fusion-title-2 fusion-title-text fusion-title-size-two\"><h2 class=\"title-heading-left\" style=\"margin:0;\">Notre \u00e9quipement pour le contr\u00f4le de la qualit\u00e9:<\/h2><span class=\"awb-title-spacer\"><\/span><div class=\"title-sep-container\"><div class=\"title-sep sep-single sep-solid\" style=\"border-color:#e0dede;\"><\/div><\/div><\/div><ul style=\"--awb-size:13px;--awb-line-height:22.1px;--awb-icon-width:22.1px;--awb-icon-height:22.1px;--awb-icon-margin:9.1px;--awb-content-margin:31.2px;--awb-circlecolor:#9e9e9e;--awb-circle-yes-font-size:11.44px;\" class=\"fusion-checklist fusion-checklist-1 fusion-checklist-default type-icons\"><li class=\"fusion-li-item\" style=\"\"><span class=\"icon-wrapper circle-yes\"><i class=\"fusion-li-icon fa fa-check\" aria-hidden=\"true\"><\/i><\/span><div class=\"fusion-li-item-content\">INSPECTION ROOM WITH INSPECTION TOOLS AND MARBLE TABLES<\/div><\/li><li class=\"fusion-li-item\" style=\"\"><span class=\"icon-wrapper circle-yes\"><i class=\"fusion-li-icon fa fa-check\" aria-hidden=\"true\"><\/i><\/span><div class=\"fusion-li-item-content\">CNC SOFTWARE<\/div><\/li><li class=\"fusion-li-item\" style=\"\"><span class=\"icon-wrapper circle-yes\"><i class=\"fusion-li-icon fa fa-check\" aria-hidden=\"true\"><\/i><\/span><div class=\"fusion-li-item-content\">SHOP MANAGEMENT SOFTWARE E2 SHOPTECH<\/div><\/li><li class=\"fusion-li-item\" style=\"\"><span class=\"icon-wrapper circle-yes\"><i class=\"fusion-li-icon fa fa-check\" aria-hidden=\"true\"><\/i><\/span><div class=\"fusion-li-item-content\">ROMER INFINITE ARM MODEL 5024 (PORTABLE CMM) <\/div><\/li><li class=\"fusion-li-item\" style=\"\"><span class=\"icon-wrapper circle-yes\"><i class=\"fusion-li-icon fa fa-check\" aria-hidden=\"true\"><\/i><\/span><div class=\"fusion-li-item-content\">SOFTWARE PC-DMIS 4.2<\/div><\/li><li class=\"fusion-li-item\" style=\"\"><span class=\"icon-wrapper circle-yes\"><i class=\"fusion-li-icon fa fa-check\" aria-hidden=\"true\"><\/i><\/span><div class=\"fusion-li-item-content\">WILSON ROCKWELL TESTER<\/div><\/li><li class=\"fusion-li-item\" style=\"\"><span class=\"icon-wrapper circle-yes\"><i class=\"fusion-li-icon fa fa-check\" aria-hidden=\"true\"><\/i><\/span><div class=\"fusion-li-item-content\">STARRET HB 400 OPTICAL COMPARATOR WITH QUADRA CHECK 200<\/div><\/li><li class=\"fusion-li-item\" style=\"\"><span class=\"icon-wrapper circle-yes\"><i class=\"fusion-li-icon fa fa-check\" aria-hidden=\"true\"><\/i><\/span><div class=\"fusion-li-item-content\">STARRET CMM MODEL SD 5722<\/div><\/li><li class=\"fusion-li-item\" style=\"\"><span class=\"icon-wrapper circle-yes\"><i class=\"fusion-li-icon fa fa-check\" aria-hidden=\"true\"><\/i><\/span><div class=\"fusion-li-item-content\">TESA LITE ELECTRONIC HEIGHT GAUGE<\/div><\/li><\/ul><div class=\"fusion-sep-clear\"><\/div><div class=\"fusion-separator fusion-full-width-sep\" style=\"margin-left: auto;margin-right: auto;margin-bottom:20px;width:100%;\"><\/div><div class=\"fusion-sep-clear\"><\/div><div class=\"fusion-title title fusion-title-3 fusion-title-text fusion-title-size-two\"><h2 class=\"title-heading-left\" style=\"margin:0;\">\u00c9quipement<\/h2><span class=\"awb-title-spacer\"><\/span><div class=\"title-sep-container\"><div class=\"title-sep sep-single sep-solid\" style=\"border-color:#e0dede;\"><\/div><\/div><\/div><div class=\"fusion-slider-sc fusion-flexslider-loading flexslider flexslider-hover-type-none fusion-slider-sc-cover\" data-slideshow_autoplay=\"1\" data-slideshow_smooth_height=\"0\" data-slideshow_speed=\"7000\" style=\"max-width:350px;height:261px;\"><ul class=\"slides\"><li class=\"image\"><span class=\"fusion-image-hover-element hover-type-none\"><img fetchpriority=\"high\" fetchpriority=\"high\" decoding=\"async\" src=\"https:\/\/theotekgroup.com\/wp-content\/uploads\/2015\/03\/15-300x224.jpg\" alt=\"Machine into a factory building\" width=\"300\" height=\"224\" \/><\/span><\/li><li class=\"image\"><span class=\"fusion-image-hover-element hover-type-none\"><img decoding=\"async\" src=\"https:\/\/theotekgroup.com\/wp-content\/uploads\/2015\/03\/21-300x224.jpg\" alt=\"Profile projector Starrett HB400 with Quadra\" width=\"300\" height=\"224\" \/><\/span><\/li><li class=\"image\"><span class=\"fusion-image-hover-element hover-type-none\"><img decoding=\"async\" src=\"https:\/\/theotekgroup.com\/wp-content\/uploads\/2015\/03\/4-300x224.jpg\" alt=\"Gear function mechanism picture in small size\" width=\"300\" height=\"224\" \/><\/span><\/li><li class=\"image\"><span class=\"fusion-image-hover-element hover-type-none\"><img loading=\"lazy\" loading=\"lazy\" decoding=\"async\" src=\"https:\/\/theotekgroup.com\/wp-content\/uploads\/2015\/03\/51-300x224.jpg\" alt=\"Pick and cary crane orbit 200 the maximum of compactness\" width=\"300\" height=\"224\" \/><\/span><\/li><li class=\"image\"><span class=\"fusion-image-hover-element hover-type-none\"><img  \/><\/span><\/li><\/ul><\/div><div class=\"fusion-clearfix\"><\/div><\/div><\/div><\/div><\/div><\/p>\n","protected":false},"excerpt":{"rendered":"","protected":false},"author":1,"featured_media":0,"parent":0,"menu_order":0,"comment_status":"open","ping_status":"open","template":"","meta":{"footnotes":""},"class_list":["post-11516","page","type-page","status-publish","hentry"],"aioseo_notices":[],"yoast_head":"<!-- This site is optimized with the Yoast SEO plugin v20.1 - https:\/\/yoast.com\/wordpress\/plugins\/seo\/ -->\n<title>Qualit\u00e9 - Theotek Groupe<\/title>\n<meta name=\"robots\" content=\"index, follow, max-snippet:-1, max-image-preview:large, max-video-preview:-1\" \/>\n<link rel=\"canonical\" href=\"https:\/\/theotekgroup.com\/fr\/qualite\/\" \/>\n<meta property=\"og:locale\" content=\"fr_FR\" \/>\n<meta property=\"og:type\" content=\"article\" \/>\n<meta property=\"og:title\" content=\"Qualit\u00e9 - Theotek Groupe\" \/>\n<meta property=\"og:url\" content=\"https:\/\/theotekgroup.com\/fr\/qualite\/\" \/>\n<meta property=\"og:site_name\" content=\"Theotek Groupe\" \/>\n<meta property=\"article:modified_time\" content=\"2021-02-17T19:08:38+00:00\" \/>\n<meta name=\"twitter:card\" content=\"summary_large_image\" \/>\n<meta name=\"twitter:label1\" content=\"Dur\u00e9e de lecture estim\u00e9e\" \/>\n\t<meta name=\"twitter:data1\" content=\"4 minutes\" \/>\n<script type=\"application\/ld+json\" class=\"yoast-schema-graph\">{\"@context\":\"https:\/\/schema.org\",\"@graph\":[{\"@type\":\"WebPage\",\"@id\":\"https:\/\/theotekgroup.com\/fr\/qualite\/\",\"url\":\"https:\/\/theotekgroup.com\/fr\/qualite\/\",\"name\":\"Qualit\u00e9 - Theotek Groupe\",\"isPartOf\":{\"@id\":\"https:\/\/theotekgroup.com\/fr\/#website\"},\"datePublished\":\"2015-05-18T19:34:34+00:00\",\"dateModified\":\"2021-02-17T19:08:38+00:00\",\"breadcrumb\":{\"@id\":\"https:\/\/theotekgroup.com\/fr\/qualite\/#breadcrumb\"},\"inLanguage\":\"fr-FR\",\"potentialAction\":[{\"@type\":\"ReadAction\",\"target\":[\"https:\/\/theotekgroup.com\/fr\/qualite\/\"]}]},{\"@type\":\"BreadcrumbList\",\"@id\":\"https:\/\/theotekgroup.com\/fr\/qualite\/#breadcrumb\",\"itemListElement\":[{\"@type\":\"ListItem\",\"position\":1,\"name\":\"Home\",\"item\":\"https:\/\/theotekgroup.com\/fr\/\"},{\"@type\":\"ListItem\",\"position\":2,\"name\":\"Qualit\u00e9\"}]},{\"@type\":\"WebSite\",\"@id\":\"https:\/\/theotekgroup.com\/fr\/#website\",\"url\":\"https:\/\/theotekgroup.com\/fr\/\",\"name\":\"Theotek Groupe\",\"description\":\"Theotek Humidifers\",\"potentialAction\":[{\"@type\":\"SearchAction\",\"target\":{\"@type\":\"EntryPoint\",\"urlTemplate\":\"https:\/\/theotekgroup.com\/fr\/?s={search_term_string}\"},\"query-input\":\"required name=search_term_string\"}],\"inLanguage\":\"fr-FR\"}]}<\/script>\n<!-- \/ Yoast SEO plugin. -->","yoast_head_json":{"title":"Qualit\u00e9 - Theotek Groupe","robots":{"index":"index","follow":"follow","max-snippet":"max-snippet:-1","max-image-preview":"max-image-preview:large","max-video-preview":"max-video-preview:-1"},"canonical":"https:\/\/theotekgroup.com\/fr\/qualite\/","og_locale":"fr_FR","og_type":"article","og_title":"Qualit\u00e9 - Theotek Groupe","og_url":"https:\/\/theotekgroup.com\/fr\/qualite\/","og_site_name":"Theotek Groupe","article_modified_time":"2021-02-17T19:08:38+00:00","twitter_card":"summary_large_image","twitter_misc":{"Dur\u00e9e de lecture estim\u00e9e":"4 minutes"},"schema":{"@context":"https:\/\/schema.org","@graph":[{"@type":"WebPage","@id":"https:\/\/theotekgroup.com\/fr\/qualite\/","url":"https:\/\/theotekgroup.com\/fr\/qualite\/","name":"Qualit\u00e9 - Theotek Groupe","isPartOf":{"@id":"https:\/\/theotekgroup.com\/fr\/#website"},"datePublished":"2015-05-18T19:34:34+00:00","dateModified":"2021-02-17T19:08:38+00:00","breadcrumb":{"@id":"https:\/\/theotekgroup.com\/fr\/qualite\/#breadcrumb"},"inLanguage":"fr-FR","potentialAction":[{"@type":"ReadAction","target":["https:\/\/theotekgroup.com\/fr\/qualite\/"]}]},{"@type":"BreadcrumbList","@id":"https:\/\/theotekgroup.com\/fr\/qualite\/#breadcrumb","itemListElement":[{"@type":"ListItem","position":1,"name":"Home","item":"https:\/\/theotekgroup.com\/fr\/"},{"@type":"ListItem","position":2,"name":"Qualit\u00e9"}]},{"@type":"WebSite","@id":"https:\/\/theotekgroup.com\/fr\/#website","url":"https:\/\/theotekgroup.com\/fr\/","name":"Theotek Groupe","description":"Theotek Humidifers","potentialAction":[{"@type":"SearchAction","target":{"@type":"EntryPoint","urlTemplate":"https:\/\/theotekgroup.com\/fr\/?s={search_term_string}"},"query-input":"required name=search_term_string"}],"inLanguage":"fr-FR"}]}},"_links":{"self":[{"href":"https:\/\/theotekgroup.com\/fr\/wp-json\/wp\/v2\/pages\/11516","targetHints":{"allow":["GET"]}}],"collection":[{"href":"https:\/\/theotekgroup.com\/fr\/wp-json\/wp\/v2\/pages"}],"about":[{"href":"https:\/\/theotekgroup.com\/fr\/wp-json\/wp\/v2\/types\/page"}],"author":[{"embeddable":true,"href":"https:\/\/theotekgroup.com\/fr\/wp-json\/wp\/v2\/users\/1"}],"replies":[{"embeddable":true,"href":"https:\/\/theotekgroup.com\/fr\/wp-json\/wp\/v2\/comments?post=11516"}],"version-history":[{"count":3,"href":"https:\/\/theotekgroup.com\/fr\/wp-json\/wp\/v2\/pages\/11516\/revisions"}],"predecessor-version":[{"id":13243,"href":"https:\/\/theotekgroup.com\/fr\/wp-json\/wp\/v2\/pages\/11516\/revisions\/13243"}],"wp:attachment":[{"href":"https:\/\/theotekgroup.com\/fr\/wp-json\/wp\/v2\/media?parent=11516"}],"curies":[{"name":"wp","href":"https:\/\/api.w.org\/{rel}","templated":true}]}}