{"id":11518,"date":"2015-05-18T19:46:13","date_gmt":"2015-05-18T19:46:13","guid":{"rendered":"https:\/\/theotekgroup.com\/?page_id=11518"},"modified":"2021-03-03T21:14:47","modified_gmt":"2021-03-03T21:14:47","slug":"soumission","status":"publish","type":"page","link":"https:\/\/theotekgroup.com\/fr\/soumission\/","title":{"rendered":"Demander une soumission"},"content":{"rendered":"\t\t<div data-elementor-type=\"wp-page\" data-elementor-id=\"11518\" class=\"elementor elementor-11518 elementor-11421\">\n\t\t\t\t\t\t<section class=\"elementor-section elementor-top-section elementor-element elementor-element-3619a105 elementor-section-boxed elementor-section-height-default elementor-section-height-default\" data-id=\"3619a105\" data-element_type=\"section\">\n\t\t\t\t\t\t<div class=\"elementor-container elementor-column-gap-default\">\n\t\t\t\t\t<div class=\"elementor-column elementor-col-50 elementor-top-column elementor-element elementor-element-b1efb28\" data-id=\"b1efb28\" data-element_type=\"column\">\n\t\t\t<div class=\"elementor-widget-wrap elementor-element-populated\">\n\t\t\t\t\t\t<div class=\"elementor-element elementor-element-401437db elementor-widget elementor-widget-text-editor\" data-id=\"401437db\" data-element_type=\"widget\" data-widget_type=\"text-editor.default\">\n\t\t\t\t<div class=\"elementor-widget-container\">\n\t\t\t\t\t\t\t\t\t\n<div class=\"wpcf7 no-js\" id=\"wpcf7-f11519-o1\" lang=\"en-US\" dir=\"ltr\">\n<div class=\"screen-reader-response\"><p role=\"status\" aria-live=\"polite\" aria-atomic=\"true\"><\/p> <ul><\/ul><\/div>\n<form action=\"\/fr\/wp-json\/wp\/v2\/pages\/11518#wpcf7-f11519-o1\" method=\"post\" class=\"wpcf7-form init\" aria-label=\"Contact form\" enctype=\"multipart\/form-data\" novalidate=\"novalidate\" data-status=\"init\">\n<div style=\"display: none;\">\n<input type=\"hidden\" name=\"_wpcf7\" value=\"11519\" \/>\n<input type=\"hidden\" name=\"_wpcf7_version\" value=\"5.7.3\" \/>\n<input type=\"hidden\" name=\"_wpcf7_locale\" value=\"en_US\" \/>\n<input type=\"hidden\" name=\"_wpcf7_unit_tag\" value=\"wpcf7-f11519-o1\" \/>\n<input type=\"hidden\" name=\"_wpcf7_container_post\" value=\"0\" \/>\n<input type=\"hidden\" name=\"_wpcf7_posted_data_hash\" value=\"\" \/>\n<\/div>\n<p>Nom (requis): <span class=\"wpcf7-form-control-wrap\" data-name=\"your-name\"><input size=\"40\" class=\"wpcf7-form-control wpcf7-text wpcf7-validates-as-required\" aria-required=\"true\" aria-invalid=\"false\" value=\"\" type=\"text\" name=\"your-name\" \/><\/span>\n<\/p>\n<p>Entreprise: <span class=\"wpcf7-form-control-wrap\" data-name=\"company\"><input size=\"40\" class=\"wpcf7-form-control wpcf7-text\" aria-invalid=\"false\" value=\"\" type=\"text\" name=\"company\" \/><\/span>\n<\/p>\n<p>Adresse couriel (requis): <span class=\"wpcf7-form-control-wrap\" data-name=\"your-email\"><input size=\"40\" class=\"wpcf7-form-control wpcf7-text wpcf7-email wpcf7-validates-as-required wpcf7-validates-as-email\" aria-required=\"true\" aria-invalid=\"false\" value=\"\" type=\"email\" name=\"your-email\" \/><\/span>\n<\/p>\n<p>T\u00e9l\u00e9phone (requis): <span class=\"wpcf7-form-control-wrap\" data-name=\"phone\"><input size=\"40\" class=\"wpcf7-form-control wpcf7-text\" aria-invalid=\"false\" value=\"\" type=\"text\" name=\"phone\" \/><\/span>\n<\/p>\n<p>Suject: <span class=\"wpcf7-form-control-wrap\" data-name=\"your-subject\"><input size=\"40\" class=\"wpcf7-form-control wpcf7-text\" aria-invalid=\"false\" value=\"\" type=\"text\" name=\"your-subject\" \/><\/span>\n<\/p>\n<p>D\u00e9tails (votre message doit inclure toutes les informations importantes, humidit\u00e9 demand\u00e9e, les dimensions de la pi\u00e8ce etc.):\n<\/p>\n<p><span class=\"wpcf7-form-control-wrap\" data-name=\"your-message\"><textarea cols=\"40\" rows=\"10\" class=\"wpcf7-form-control wpcf7-textarea\" aria-invalid=\"false\" name=\"your-message\"><\/textarea><\/span>\n<\/p>\n<p>Quantit\u00e9: <span class=\"wpcf7-form-control-wrap\" data-name=\"Quantity\"><input size=\"40\" class=\"wpcf7-form-control wpcf7-text\" aria-invalid=\"false\" value=\"\" type=\"text\" name=\"Quantity\" \/><\/span>\n<\/p>\n<p>Date de livraison: <span class=\"wpcf7-form-control-wrap\" data-name=\"delivery\"><input size=\"40\" class=\"wpcf7-form-control wpcf7-text\" aria-invalid=\"false\" value=\"\" type=\"text\" name=\"delivery\" \/><\/span>\n<\/p>\n<p>*Ajouter tous les fichiers relevent \u00e0 votre demande (documents, dessins, etc.) Max 10mb:\n<\/p>\n<p><span class=\"wpcf7-form-control-wrap\" data-name=\"file_uplaod_1\"><input size=\"40\" class=\"wpcf7-form-control wpcf7-file\" accept=\"audio\/*,video\/*,image\/*\" aria-invalid=\"false\" type=\"file\" name=\"file_uplaod_1\" \/><\/span><span class=\"wpcf7-form-control-wrap\" data-name=\"file_upload_2\"><input size=\"40\" class=\"wpcf7-form-control wpcf7-file\" accept=\"audio\/*,video\/*,image\/*\" aria-invalid=\"false\" type=\"file\" name=\"file_upload_2\" \/><\/span><span class=\"wpcf7-form-control-wrap\" data-name=\"file_upload_3\"><input size=\"40\" class=\"wpcf7-form-control wpcf7-file\" accept=\"audio\/*,video\/*,image\/*\" aria-invalid=\"false\" type=\"file\" name=\"file_upload_3\" \/><\/span><span class=\"wpcf7-form-control-wrap\" data-name=\"file_upload_4\"><input size=\"40\" class=\"wpcf7-form-control wpcf7-file\" accept=\"audio\/*,video\/*,image\/*\" aria-invalid=\"false\" type=\"file\" name=\"file_upload_4\" \/><\/span><span class=\"wpcf7-form-control-wrap\" data-name=\"file_upload_5\"><input size=\"40\" class=\"wpcf7-form-control wpcf7-file\" accept=\"audio\/*,video\/*,image\/*\" aria-invalid=\"false\" type=\"file\" name=\"file_upload_5\" \/><\/span><span class=\"wpcf7-form-control-wrap\" data-name=\"file_upload_6\"><input size=\"40\" class=\"wpcf7-form-control wpcf7-file\" accept=\"audio\/*,video\/*,image\/*\" aria-invalid=\"false\" type=\"file\" name=\"file_upload_6\" \/><\/span>\n<\/p>\n<p><input class=\"wpcf7-form-control has-spinner wpcf7-submit\" type=\"submit\" value=\"Envoyer\" \/>\n<\/p><p style=\"display: none !important;\" class=\"akismet-fields-container\" data-prefix=\"_wpcf7_ak_\"><label>&#916;<textarea name=\"_wpcf7_ak_hp_textarea\" cols=\"45\" rows=\"8\" maxlength=\"100\"><\/textarea><\/label><input type=\"hidden\" id=\"ak_js_1\" name=\"_wpcf7_ak_js\" value=\"185\"\/><script>document.getElementById( \"ak_js_1\" ).setAttribute( \"value\", ( new Date() ).getTime() );<\/script><\/p><div class=\"fusion-alert alert custom alert-custom fusion-alert-center wpcf7-response-output alert-dismissable\" style=\"--awb-border-size:1px;\" role=\"alert\"><div class=\"fusion-alert-content-wrapper\"><span class=\"fusion-alert-content\"><\/span><\/div><button type=\"button\" class=\"close toggle-alert\" data-dismiss=\"alert\" aria-label=\"Close\">&times;<\/button><\/div>\n<\/form>\n<\/div>\n\t\t\t\t\t\t\t\t<\/div>\n\t\t\t\t<\/div>\n\t\t\t\t\t<\/div>\n\t\t<\/div>\n\t\t\t\t<div class=\"elementor-column elementor-col-50 elementor-top-column elementor-element elementor-element-23ba906b\" data-id=\"23ba906b\" data-element_type=\"column\">\n\t\t\t<div class=\"elementor-widget-wrap elementor-element-populated\">\n\t\t\t\t\t\t<div class=\"elementor-element elementor-element-3bdb2c3b elementor-widget elementor-widget-image\" data-id=\"3bdb2c3b\" data-element_type=\"widget\" data-widget_type=\"image.default\">\n\t\t\t\t<div class=\"elementor-widget-container\">\n\t\t\t\t\t\t\t\t\t\t\t\t\t\t\t\t<a href=\"\/fr\/produit\/mdfd-1\/\">\n\t\t\t\t\t\t\t<img fetchpriority=\"high\" decoding=\"async\" width=\"1200\" height=\"1200\" src=\"https:\/\/theotekgroup.com\/wp-content\/uploads\/2018\/02\/gallery-image.png\" class=\"attachment-full size-full wp-image-11869\" alt=\"One head Ultrasonic dry fog humidifier system\" srcset=\"https:\/\/theotekgroup.com\/wp-content\/uploads\/2018\/02\/gallery-image-66x66.png 66w, https:\/\/theotekgroup.com\/wp-content\/uploads\/2018\/02\/gallery-image-150x150.png 150w, https:\/\/theotekgroup.com\/wp-content\/uploads\/2018\/02\/gallery-image-768x768.png 768w, https:\/\/theotekgroup.com\/wp-content\/uploads\/2018\/02\/gallery-image-1024x1024.png 1024w, https:\/\/theotekgroup.com\/wp-content\/uploads\/2018\/02\/gallery-image.png 1200w\" sizes=\"(max-width: 1200px) 100vw, 1200px\" \/>\t\t\t\t\t\t\t\t<\/a>\n\t\t\t\t\t\t\t\t\t\t\t\t\t\t\t<\/div>\n\t\t\t\t<\/div>\n\t\t\t\t<div class=\"elementor-element elementor-element-24f1c074 elementor-widget elementor-widget-html\" data-id=\"24f1c074\" data-element_type=\"widget\" data-widget_type=\"html.default\">\n\t\t\t\t<div class=\"elementor-widget-container\">\n\t\t\t\t\t<a href=\"\/fr\/produit\/MDFD-1\/\" style=\"text-align: center; display: block; line-height: 25px;\">MDFD-1<\/a>\t\t\t\t<\/div>\n\t\t\t\t<\/div>\n\t\t\t\t<div class=\"elementor-element elementor-element-327c7eb2 elementor-widget elementor-widget-image\" data-id=\"327c7eb2\" data-element_type=\"widget\" data-widget_type=\"image.default\">\n\t\t\t\t<div class=\"elementor-widget-container\">\n\t\t\t\t\t\t\t\t\t\t\t\t\t\t\t\t<a href=\"\/fr\/produit\/mdfd-4\/\">\n\t\t\t\t\t\t\t<img decoding=\"async\" width=\"1200\" height=\"1200\" src=\"https:\/\/theotekgroup.com\/wp-content\/uploads\/2018\/03\/MDFD-4-1.jpg\" class=\"attachment-full size-full wp-image-12246\" alt=\"Buy a fog collector hose adapter\" srcset=\"https:\/\/theotekgroup.com\/wp-content\/uploads\/2018\/03\/MDFD-4-1-66x66.jpg 66w, https:\/\/theotekgroup.com\/wp-content\/uploads\/2018\/03\/MDFD-4-1-150x150.jpg 150w, https:\/\/theotekgroup.com\/wp-content\/uploads\/2018\/03\/MDFD-4-1-768x768.jpg 768w, https:\/\/theotekgroup.com\/wp-content\/uploads\/2018\/03\/MDFD-4-1-1024x1024.jpg 1024w, https:\/\/theotekgroup.com\/wp-content\/uploads\/2018\/03\/MDFD-4-1.jpg 1200w\" sizes=\"(max-width: 1200px) 100vw, 1200px\" \/>\t\t\t\t\t\t\t\t<\/a>\n\t\t\t\t\t\t\t\t\t\t\t\t\t\t\t<\/div>\n\t\t\t\t<\/div>\n\t\t\t\t<div class=\"elementor-element elementor-element-334e95f3 elementor-widget elementor-widget-html\" data-id=\"334e95f3\" data-element_type=\"widget\" data-widget_type=\"html.default\">\n\t\t\t\t<div class=\"elementor-widget-container\">\n\t\t\t\t\t<a href=\"\/fr\/produit\/MDFD-4\/\" style=\"text-align: center; display: block; line-height: 25px;\">MDFD-4<\/a>\t\t\t\t<\/div>\n\t\t\t\t<\/div>\n\t\t\t\t<div class=\"elementor-element elementor-element-fee6868 elementor-widget elementor-widget-image\" data-id=\"fee6868\" data-element_type=\"widget\" data-widget_type=\"image.default\">\n\t\t\t\t<div class=\"elementor-widget-container\">\n\t\t\t\t\t\t\t\t\t\t\t\t\t\t\t\t<a href=\"\/fr\/produit\/mdfd-6\/\">\n\t\t\t\t\t\t\t<img decoding=\"async\" width=\"1100\" height=\"1100\" src=\"https:\/\/theotekgroup.com\/wp-content\/uploads\/2018\/03\/img1.jpg\" class=\"attachment-full size-full wp-image-12400\" alt=\"Multi Dry fog humidification system for mushrooms\" srcset=\"https:\/\/theotekgroup.com\/wp-content\/uploads\/2018\/03\/img1-66x66.jpg 66w, https:\/\/theotekgroup.com\/wp-content\/uploads\/2018\/03\/img1-150x150.jpg 150w, https:\/\/theotekgroup.com\/wp-content\/uploads\/2018\/03\/img1-768x768.jpg 768w, https:\/\/theotekgroup.com\/wp-content\/uploads\/2018\/03\/img1-1024x1024.jpg 1024w, https:\/\/theotekgroup.com\/wp-content\/uploads\/2018\/03\/img1.jpg 1100w\" sizes=\"(max-width: 1100px) 100vw, 1100px\" \/>\t\t\t\t\t\t\t\t<\/a>\n\t\t\t\t\t\t\t\t\t\t\t\t\t\t\t<\/div>\n\t\t\t\t<\/div>\n\t\t\t\t<div class=\"elementor-element elementor-element-6f0c1089 elementor-widget elementor-widget-html\" data-id=\"6f0c1089\" data-element_type=\"widget\" data-widget_type=\"html.default\">\n\t\t\t\t<div class=\"elementor-widget-container\">\n\t\t\t\t\t<a href=\"\/fr\/produit\/MDFD-6\/\" style=\"text-align: center; display: block; line-height: 25px;\">MDFD-6<\/a>\t\t\t\t<\/div>\n\t\t\t\t<\/div>\n\t\t\t\t<div class=\"elementor-element elementor-element-5d2590e0 elementor-widget elementor-widget-image\" data-id=\"5d2590e0\" data-element_type=\"widget\" data-widget_type=\"image.default\">\n\t\t\t\t<div class=\"elementor-widget-container\">\n\t\t\t\t\t\t\t\t\t\t\t\t\t\t\t\t<a href=\"\/fr\/produit\/ht-2\/\">\n\t\t\t\t\t\t\t<img loading=\"lazy\" decoding=\"async\" width=\"1000\" height=\"1000\" src=\"https:\/\/theotekgroup.com\/wp-content\/uploads\/2018\/03\/HT-2-CONTROLLER-MAIN-UNIT.jpg\" class=\"attachment-full size-full wp-image-12419\" alt=\"Learn about the Main Unit with care\" srcset=\"https:\/\/theotekgroup.com\/wp-content\/uploads\/2018\/03\/HT-2-CONTROLLER-MAIN-UNIT-66x66.jpg 66w, https:\/\/theotekgroup.com\/wp-content\/uploads\/2018\/03\/HT-2-CONTROLLER-MAIN-UNIT-150x150.jpg 150w, https:\/\/theotekgroup.com\/wp-content\/uploads\/2018\/03\/HT-2-CONTROLLER-MAIN-UNIT-768x768.jpg 768w, https:\/\/theotekgroup.com\/wp-content\/uploads\/2018\/03\/HT-2-CONTROLLER-MAIN-UNIT.jpg 1000w\" sizes=\"(max-width: 1000px) 100vw, 1000px\" \/>\t\t\t\t\t\t\t\t<\/a>\n\t\t\t\t\t\t\t\t\t\t\t\t\t\t\t<\/div>\n\t\t\t\t<\/div>\n\t\t\t\t<div class=\"elementor-element elementor-element-c9791c elementor-widget elementor-widget-html\" data-id=\"c9791c\" data-element_type=\"widget\" data-widget_type=\"html.default\">\n\t\t\t\t<div class=\"elementor-widget-container\">\n\t\t\t\t\t<a href=\"\/fr\/produit\/HT-2\/\" style=\"text-align: center; display: block; line-height: 25px;\">HT-2<\/a>\t\t\t\t<\/div>\n\t\t\t\t<\/div>\n\t\t\t\t\t<\/div>\n\t\t<\/div>\n\t\t\t\t\t<\/div>\n\t\t<\/section>\n\t\t\t\t<\/div>\n\t\t","protected":false},"excerpt":{"rendered":"<p>MDFD-1 MDFD-4 MDFD-6 HT-2<\/p>\n","protected":false},"author":1,"featured_media":0,"parent":0,"menu_order":0,"comment_status":"open","ping_status":"open","template":"","meta":{"footnotes":""},"class_list":["post-11518","page","type-page","status-publish","hentry"],"aioseo_notices":[],"yoast_head":"<!-- This site is optimized with the Yoast SEO plugin v20.1 - https:\/\/yoast.com\/wordpress\/plugins\/seo\/ -->\n<title>Demander une soumission - Theotek Groupe<\/title>\n<meta name=\"robots\" content=\"index, follow, max-snippet:-1, max-image-preview:large, max-video-preview:-1\" \/>\n<link rel=\"canonical\" href=\"https:\/\/theotekgroup.com\/fr\/soumission\/\" \/>\n<meta property=\"og:locale\" content=\"fr_FR\" \/>\n<meta property=\"og:type\" content=\"article\" \/>\n<meta property=\"og:title\" content=\"Demander une soumission - Theotek Groupe\" \/>\n<meta property=\"og:description\" content=\"MDFD-1 MDFD-4 MDFD-6 HT-2\" \/>\n<meta property=\"og:url\" content=\"https:\/\/theotekgroup.com\/fr\/soumission\/\" \/>\n<meta property=\"og:site_name\" content=\"Theotek Groupe\" \/>\n<meta property=\"article:modified_time\" content=\"2021-03-03T21:14:47+00:00\" \/>\n<meta property=\"og:image\" content=\"https:\/\/theotekgroup.com\/wp-content\/uploads\/2018\/02\/gallery-image.png\" \/>\n<meta name=\"twitter:card\" content=\"summary_large_image\" \/>\n<script type=\"application\/ld+json\" class=\"yoast-schema-graph\">{\"@context\":\"https:\/\/schema.org\",\"@graph\":[{\"@type\":\"WebPage\",\"@id\":\"https:\/\/theotekgroup.com\/fr\/soumission\/\",\"url\":\"https:\/\/theotekgroup.com\/fr\/soumission\/\",\"name\":\"Demander une soumission - Theotek Groupe\",\"isPartOf\":{\"@id\":\"https:\/\/theotekgroup.com\/fr\/#website\"},\"datePublished\":\"2015-05-18T19:46:13+00:00\",\"dateModified\":\"2021-03-03T21:14:47+00:00\",\"breadcrumb\":{\"@id\":\"https:\/\/theotekgroup.com\/fr\/soumission\/#breadcrumb\"},\"inLanguage\":\"fr-FR\",\"potentialAction\":[{\"@type\":\"ReadAction\",\"target\":[\"https:\/\/theotekgroup.com\/fr\/soumission\/\"]}]},{\"@type\":\"BreadcrumbList\",\"@id\":\"https:\/\/theotekgroup.com\/fr\/soumission\/#breadcrumb\",\"itemListElement\":[{\"@type\":\"ListItem\",\"position\":1,\"name\":\"Home\",\"item\":\"https:\/\/theotekgroup.com\/fr\/\"},{\"@type\":\"ListItem\",\"position\":2,\"name\":\"Demander une soumission\"}]},{\"@type\":\"WebSite\",\"@id\":\"https:\/\/theotekgroup.com\/fr\/#website\",\"url\":\"https:\/\/theotekgroup.com\/fr\/\",\"name\":\"Theotek Groupe\",\"description\":\"Theotek Humidifers\",\"potentialAction\":[{\"@type\":\"SearchAction\",\"target\":{\"@type\":\"EntryPoint\",\"urlTemplate\":\"https:\/\/theotekgroup.com\/fr\/?s={search_term_string}\"},\"query-input\":\"required name=search_term_string\"}],\"inLanguage\":\"fr-FR\"}]}<\/script>\n<!-- \/ Yoast SEO plugin. -->","yoast_head_json":{"title":"Demander une soumission - Theotek Groupe","robots":{"index":"index","follow":"follow","max-snippet":"max-snippet:-1","max-image-preview":"max-image-preview:large","max-video-preview":"max-video-preview:-1"},"canonical":"https:\/\/theotekgroup.com\/fr\/soumission\/","og_locale":"fr_FR","og_type":"article","og_title":"Demander une soumission - Theotek Groupe","og_description":"MDFD-1 MDFD-4 MDFD-6 HT-2","og_url":"https:\/\/theotekgroup.com\/fr\/soumission\/","og_site_name":"Theotek Groupe","article_modified_time":"2021-03-03T21:14:47+00:00","og_image":[{"url":"https:\/\/theotekgroup.com\/wp-content\/uploads\/2018\/02\/gallery-image.png"}],"twitter_card":"summary_large_image","schema":{"@context":"https:\/\/schema.org","@graph":[{"@type":"WebPage","@id":"https:\/\/theotekgroup.com\/fr\/soumission\/","url":"https:\/\/theotekgroup.com\/fr\/soumission\/","name":"Demander une soumission - Theotek Groupe","isPartOf":{"@id":"https:\/\/theotekgroup.com\/fr\/#website"},"datePublished":"2015-05-18T19:46:13+00:00","dateModified":"2021-03-03T21:14:47+00:00","breadcrumb":{"@id":"https:\/\/theotekgroup.com\/fr\/soumission\/#breadcrumb"},"inLanguage":"fr-FR","potentialAction":[{"@type":"ReadAction","target":["https:\/\/theotekgroup.com\/fr\/soumission\/"]}]},{"@type":"BreadcrumbList","@id":"https:\/\/theotekgroup.com\/fr\/soumission\/#breadcrumb","itemListElement":[{"@type":"ListItem","position":1,"name":"Home","item":"https:\/\/theotekgroup.com\/fr\/"},{"@type":"ListItem","position":2,"name":"Demander une soumission"}]},{"@type":"WebSite","@id":"https:\/\/theotekgroup.com\/fr\/#website","url":"https:\/\/theotekgroup.com\/fr\/","name":"Theotek Groupe","description":"Theotek Humidifers","potentialAction":[{"@type":"SearchAction","target":{"@type":"EntryPoint","urlTemplate":"https:\/\/theotekgroup.com\/fr\/?s={search_term_string}"},"query-input":"required name=search_term_string"}],"inLanguage":"fr-FR"}]}},"_links":{"self":[{"href":"https:\/\/theotekgroup.com\/fr\/wp-json\/wp\/v2\/pages\/11518","targetHints":{"allow":["GET"]}}],"collection":[{"href":"https:\/\/theotekgroup.com\/fr\/wp-json\/wp\/v2\/pages"}],"about":[{"href":"https:\/\/theotekgroup.com\/fr\/wp-json\/wp\/v2\/types\/page"}],"author":[{"embeddable":true,"href":"https:\/\/theotekgroup.com\/fr\/wp-json\/wp\/v2\/users\/1"}],"replies":[{"embeddable":true,"href":"https:\/\/theotekgroup.com\/fr\/wp-json\/wp\/v2\/comments?post=11518"}],"version-history":[{"count":12,"href":"https:\/\/theotekgroup.com\/fr\/wp-json\/wp\/v2\/pages\/11518\/revisions"}],"predecessor-version":[{"id":13561,"href":"https:\/\/theotekgroup.com\/fr\/wp-json\/wp\/v2\/pages\/11518\/revisions\/13561"}],"wp:attachment":[{"href":"https:\/\/theotekgroup.com\/fr\/wp-json\/wp\/v2\/media?parent=11518"}],"curies":[{"name":"wp","href":"https:\/\/api.w.org\/{rel}","templated":true}]}}