{"id":11583,"date":"2015-05-18T21:23:33","date_gmt":"2015-05-18T21:23:33","guid":{"rendered":"https:\/\/theotekgroup.com\/?page_id=11583"},"modified":"2021-03-03T20:56:07","modified_gmt":"2021-03-03T20:56:07","slug":"nous-joindre","status":"publish","type":"page","link":"https:\/\/theotekgroup.com\/fr\/nous-joindre\/","title":{"rendered":"Nous joindre"},"content":{"rendered":"\t\t<div data-elementor-type=\"wp-page\" data-elementor-id=\"11583\" class=\"elementor elementor-11583 elementor-86\">\n\t\t\t\t\t\t<section class=\"elementor-section elementor-top-section elementor-element elementor-element-103c8c4 elementor-section-full_width elementor-section-stretched elementor-section-height-default elementor-section-height-default\" data-id=\"103c8c4\" data-element_type=\"section\" data-settings=\"{&quot;stretch_section&quot;:&quot;section-stretched&quot;}\">\n\t\t\t\t\t\t<div class=\"elementor-container elementor-column-gap-default\">\n\t\t\t\t\t<div class=\"elementor-column elementor-col-100 elementor-top-column elementor-element elementor-element-b3fb804\" data-id=\"b3fb804\" data-element_type=\"column\">\n\t\t\t<div class=\"elementor-widget-wrap elementor-element-populated\">\n\t\t\t\t\t\t<div class=\"elementor-element elementor-element-94d15da elementor-widget elementor-widget-text-editor\" data-id=\"94d15da\" data-element_type=\"widget\" data-widget_type=\"text-editor.default\">\n\t\t\t\t<div class=\"elementor-widget-container\">\n\t\t\t\t\t\t\t\t\t<div class=\"ba_map_holder\" id=\"448f34adfbbfa01f7e656340927907e2\" data-map-id=\"13525\"><\/div>\t\t\t\t\t\t\t\t<\/div>\n\t\t\t\t<\/div>\n\t\t\t\t\t<\/div>\n\t\t<\/div>\n\t\t\t\t\t<\/div>\n\t\t<\/section>\n\t\t\t\t<section class=\"elementor-section elementor-top-section elementor-element elementor-element-7690fe21 elementor-section-boxed elementor-section-height-default elementor-section-height-default\" data-id=\"7690fe21\" data-element_type=\"section\">\n\t\t\t\t\t\t<div class=\"elementor-container elementor-column-gap-default\">\n\t\t\t\t\t<div class=\"elementor-column elementor-col-66 elementor-top-column elementor-element elementor-element-18823ba8\" data-id=\"18823ba8\" data-element_type=\"column\">\n\t\t\t<div class=\"elementor-widget-wrap elementor-element-populated\">\n\t\t\t\t\t\t<div class=\"elementor-element elementor-element-2ccc8d6c elementor-widget elementor-widget-text-editor\" data-id=\"2ccc8d6c\" data-element_type=\"widget\" data-widget_type=\"text-editor.default\">\n\t\t\t\t<div class=\"elementor-widget-container\">\n\t\t\t\t\t\t\t\t\t<p><span lang=\"EN-US\">A propos de nous<br \/><\/span><\/p><p><span lang=\"EN-US\">En septembre 2017, Theotek Groupe Inc. devient le fabricant exclusif de la ligne des produits MDFD, apr\u00e8s avoir collabor\u00e9, depuis 20 ans, avec la soci\u00e9t\u00e9 Frapa Plastique inc. et son propri\u00e9taire, M. Frank Wolf, un pionnier et un innovateur dans le domaine du moulage en plastique et syst\u00e8mes hydroponique.<\/span><\/p><p><span lang=\"EN-US\">Theotek Groupe Inc. veut continuer \u00e0 promouvoir et mettre en \u0153uvre la technologie ultrasonique de brouillard \u00e0 sec, une nouvelle fa\u00e7on de produire l&#8217;humidit\u00e9 sans endommager l&#8217;environnement lorsqu&#8217;on utilise, acc\u00e9l\u00e9rer la productivit\u00e9 et maintenir une excellente qualit\u00e9 des produits pour qui est utilis\u00e9.<\/span><\/p><p>Theotek Groupe Inc. est engag\u00e9 \u00e0 fabrique de produits de qualit\u00e9 sup\u00e9rieure et de fournir un service \u00e0 la client\u00e8le \u00e0 la hauteur des attentes de nos clients.<\/p><p><span lang=\"EN-US\">Nous d\u00e9veloppons et fabrication toutes nos produit, en province de Qu\u00e9bec, Canada. Ils sont faciles \u00e0 utiliser, respectueuses de l&#8217;environnement avec un grand impact positif dans les applications ou ils sont utilis\u00e9s.<\/span><\/p>\t\t\t\t\t\t\t\t<\/div>\n\t\t\t\t<\/div>\n\t\t\t\t<div class=\"elementor-element elementor-element-de73984 elementor-widget elementor-widget-heading\" data-id=\"de73984\" data-element_type=\"widget\" data-widget_type=\"heading.default\">\n\t\t\t\t<div class=\"elementor-widget-container\">\n\t\t\t\t\t<h2 class=\"elementor-heading-title elementor-size-default\">Nous aimerions parler avec vous, SVP contactez-nous!<\/h2>\t\t\t\t<\/div>\n\t\t\t\t<\/div>\n\t\t\t\t\t<\/div>\n\t\t<\/div>\n\t\t\t\t<div class=\"elementor-column elementor-col-33 elementor-top-column elementor-element elementor-element-79cdebc7\" data-id=\"79cdebc7\" data-element_type=\"column\">\n\t\t\t<div class=\"elementor-widget-wrap elementor-element-populated\">\n\t\t\t\t\t\t<div class=\"elementor-element elementor-element-43be8ca elementor-widget elementor-widget-text-editor\" data-id=\"43be8ca\" data-element_type=\"widget\" data-widget_type=\"text-editor.default\">\n\t\t\t\t<div class=\"elementor-widget-container\">\n\t\t\t\t\t\t\t\t\t<div><p>Theotek Groupe Inc.<\/p><\/div><div><p>5245 Rue des Cageux, Pierrefonds, Quebec, H9J 3C4<\/p><p>T\u00e9l\u00e9phone: 514.892.0246<\/p><p>T\u00e9l\u00e9copieur: 514.784.0242<\/p><p>Couriel: info@theotekgroup.com<\/p><p>Web: www.theotekgroup.com<\/p><\/div>\t\t\t\t\t\t\t\t<\/div>\n\t\t\t\t<\/div>\n\t\t\t\t<div class=\"elementor-element elementor-element-3cf96053 elementor-align-center elementor-widget elementor-widget-button\" data-id=\"3cf96053\" data-element_type=\"widget\" data-widget_type=\"button.default\">\n\t\t\t\t<div class=\"elementor-widget-container\">\n\t\t\t\t\t\t\t\t\t<div class=\"elementor-button-wrapper\">\n\t\t\t\t\t<a class=\"elementor-button elementor-button-link elementor-size-sm\" href=\"\/fr\/soumission\">\n\t\t\t\t\t\t<span class=\"elementor-button-content-wrapper\">\n\t\t\t\t\t\t\t\t\t<span class=\"elementor-button-text\">Demande une Soumission<\/span>\n\t\t\t\t\t<\/span>\n\t\t\t\t\t<\/a>\n\t\t\t\t<\/div>\n\t\t\t\t\t\t\t\t<\/div>\n\t\t\t\t<\/div>\n\t\t\t\t\t<\/div>\n\t\t<\/div>\n\t\t\t\t\t<\/div>\n\t\t<\/section>\n\t\t\t\t<\/div>\n\t\t","protected":false},"excerpt":{"rendered":"<p>A propos de nous En septembre 2017, Theotek Groupe Inc. devient le fabricant exclusif de la ligne des produits MDFD, apr\u00e8s avoir collabor\u00e9, depuis 20 ans, avec la soci\u00e9t\u00e9 Frapa Plastique inc. et son propri\u00e9taire, M. Frank Wolf, un pionnier et un innovateur dans le domaine du moulage en plastique et syst\u00e8mes hydroponique. Theotek Groupe [&hellip;]<\/p>\n","protected":false},"author":1,"featured_media":0,"parent":0,"menu_order":0,"comment_status":"open","ping_status":"open","template":"contact.php","meta":{"footnotes":""},"class_list":["post-11583","page","type-page","status-publish","hentry"],"aioseo_notices":[],"yoast_head":"<!-- This site is optimized with the Yoast SEO plugin v20.1 - https:\/\/yoast.com\/wordpress\/plugins\/seo\/ -->\n<title>Nous joindre - Theotek Groupe<\/title>\n<meta name=\"robots\" content=\"index, follow, max-snippet:-1, max-image-preview:large, max-video-preview:-1\" \/>\n<link rel=\"canonical\" href=\"https:\/\/theotekgroup.com\/fr\/nous-joindre\/\" \/>\n<meta property=\"og:locale\" content=\"fr_FR\" \/>\n<meta property=\"og:type\" content=\"article\" \/>\n<meta property=\"og:title\" content=\"Nous joindre - Theotek Groupe\" \/>\n<meta property=\"og:description\" content=\"A propos de nous En septembre 2017, Theotek Groupe Inc. devient le fabricant exclusif de la ligne des produits MDFD, apr\u00e8s avoir collabor\u00e9, depuis 20 ans, avec la soci\u00e9t\u00e9 Frapa Plastique inc. et son propri\u00e9taire, M. Frank Wolf, un pionnier et un innovateur dans le domaine du moulage en plastique et syst\u00e8mes hydroponique. Theotek Groupe [&hellip;]\" \/>\n<meta property=\"og:url\" content=\"https:\/\/theotekgroup.com\/fr\/nous-joindre\/\" \/>\n<meta property=\"og:site_name\" content=\"Theotek Groupe\" \/>\n<meta property=\"article:modified_time\" content=\"2021-03-03T20:56:07+00:00\" \/>\n<meta name=\"twitter:card\" content=\"summary_large_image\" \/>\n<meta name=\"twitter:label1\" content=\"Dur\u00e9e de lecture estim\u00e9e\" \/>\n\t<meta name=\"twitter:data1\" content=\"1 minute\" \/>\n<script type=\"application\/ld+json\" class=\"yoast-schema-graph\">{\"@context\":\"https:\/\/schema.org\",\"@graph\":[{\"@type\":\"WebPage\",\"@id\":\"https:\/\/theotekgroup.com\/fr\/nous-joindre\/\",\"url\":\"https:\/\/theotekgroup.com\/fr\/nous-joindre\/\",\"name\":\"Nous joindre - Theotek Groupe\",\"isPartOf\":{\"@id\":\"https:\/\/theotekgroup.com\/fr\/#website\"},\"datePublished\":\"2015-05-18T21:23:33+00:00\",\"dateModified\":\"2021-03-03T20:56:07+00:00\",\"breadcrumb\":{\"@id\":\"https:\/\/theotekgroup.com\/fr\/nous-joindre\/#breadcrumb\"},\"inLanguage\":\"fr-FR\",\"potentialAction\":[{\"@type\":\"ReadAction\",\"target\":[\"https:\/\/theotekgroup.com\/fr\/nous-joindre\/\"]}]},{\"@type\":\"BreadcrumbList\",\"@id\":\"https:\/\/theotekgroup.com\/fr\/nous-joindre\/#breadcrumb\",\"itemListElement\":[{\"@type\":\"ListItem\",\"position\":1,\"name\":\"Home\",\"item\":\"https:\/\/theotekgroup.com\/fr\/\"},{\"@type\":\"ListItem\",\"position\":2,\"name\":\"Nous joindre\"}]},{\"@type\":\"WebSite\",\"@id\":\"https:\/\/theotekgroup.com\/fr\/#website\",\"url\":\"https:\/\/theotekgroup.com\/fr\/\",\"name\":\"Theotek Groupe\",\"description\":\"Theotek Humidifers\",\"potentialAction\":[{\"@type\":\"SearchAction\",\"target\":{\"@type\":\"EntryPoint\",\"urlTemplate\":\"https:\/\/theotekgroup.com\/fr\/?s={search_term_string}\"},\"query-input\":\"required name=search_term_string\"}],\"inLanguage\":\"fr-FR\"}]}<\/script>\n<!-- \/ Yoast SEO plugin. -->","yoast_head_json":{"title":"Nous joindre - Theotek Groupe","robots":{"index":"index","follow":"follow","max-snippet":"max-snippet:-1","max-image-preview":"max-image-preview:large","max-video-preview":"max-video-preview:-1"},"canonical":"https:\/\/theotekgroup.com\/fr\/nous-joindre\/","og_locale":"fr_FR","og_type":"article","og_title":"Nous joindre - Theotek Groupe","og_description":"A propos de nous En septembre 2017, Theotek Groupe Inc. devient le fabricant exclusif de la ligne des produits MDFD, apr\u00e8s avoir collabor\u00e9, depuis 20 ans, avec la soci\u00e9t\u00e9 Frapa Plastique inc. et son propri\u00e9taire, M. Frank Wolf, un pionnier et un innovateur dans le domaine du moulage en plastique et syst\u00e8mes hydroponique. Theotek Groupe [&hellip;]","og_url":"https:\/\/theotekgroup.com\/fr\/nous-joindre\/","og_site_name":"Theotek Groupe","article_modified_time":"2021-03-03T20:56:07+00:00","twitter_card":"summary_large_image","twitter_misc":{"Dur\u00e9e de lecture estim\u00e9e":"1 minute"},"schema":{"@context":"https:\/\/schema.org","@graph":[{"@type":"WebPage","@id":"https:\/\/theotekgroup.com\/fr\/nous-joindre\/","url":"https:\/\/theotekgroup.com\/fr\/nous-joindre\/","name":"Nous joindre - Theotek Groupe","isPartOf":{"@id":"https:\/\/theotekgroup.com\/fr\/#website"},"datePublished":"2015-05-18T21:23:33+00:00","dateModified":"2021-03-03T20:56:07+00:00","breadcrumb":{"@id":"https:\/\/theotekgroup.com\/fr\/nous-joindre\/#breadcrumb"},"inLanguage":"fr-FR","potentialAction":[{"@type":"ReadAction","target":["https:\/\/theotekgroup.com\/fr\/nous-joindre\/"]}]},{"@type":"BreadcrumbList","@id":"https:\/\/theotekgroup.com\/fr\/nous-joindre\/#breadcrumb","itemListElement":[{"@type":"ListItem","position":1,"name":"Home","item":"https:\/\/theotekgroup.com\/fr\/"},{"@type":"ListItem","position":2,"name":"Nous joindre"}]},{"@type":"WebSite","@id":"https:\/\/theotekgroup.com\/fr\/#website","url":"https:\/\/theotekgroup.com\/fr\/","name":"Theotek Groupe","description":"Theotek Humidifers","potentialAction":[{"@type":"SearchAction","target":{"@type":"EntryPoint","urlTemplate":"https:\/\/theotekgroup.com\/fr\/?s={search_term_string}"},"query-input":"required name=search_term_string"}],"inLanguage":"fr-FR"}]}},"_links":{"self":[{"href":"https:\/\/theotekgroup.com\/fr\/wp-json\/wp\/v2\/pages\/11583","targetHints":{"allow":["GET"]}}],"collection":[{"href":"https:\/\/theotekgroup.com\/fr\/wp-json\/wp\/v2\/pages"}],"about":[{"href":"https:\/\/theotekgroup.com\/fr\/wp-json\/wp\/v2\/types\/page"}],"author":[{"embeddable":true,"href":"https:\/\/theotekgroup.com\/fr\/wp-json\/wp\/v2\/users\/1"}],"replies":[{"embeddable":true,"href":"https:\/\/theotekgroup.com\/fr\/wp-json\/wp\/v2\/comments?post=11583"}],"version-history":[{"count":15,"href":"https:\/\/theotekgroup.com\/fr\/wp-json\/wp\/v2\/pages\/11583\/revisions"}],"predecessor-version":[{"id":13540,"href":"https:\/\/theotekgroup.com\/fr\/wp-json\/wp\/v2\/pages\/11583\/revisions\/13540"}],"wp:attachment":[{"href":"https:\/\/theotekgroup.com\/fr\/wp-json\/wp\/v2\/media?parent=11583"}],"curies":[{"name":"wp","href":"https:\/\/api.w.org\/{rel}","templated":true}]}}