{"id":11687,"date":"2018-02-25T18:01:55","date_gmt":"2018-02-25T18:01:55","guid":{"rendered":"https:\/\/theotekgroup.com\/?page_id=11687"},"modified":"2021-02-17T19:08:33","modified_gmt":"2021-02-17T19:08:33","slug":"produit","status":"publish","type":"page","link":"https:\/\/theotekgroup.com\/fr\/produit\/","title":{"rendered":"Produit"},"content":{"rendered":"\t\t<div data-elementor-type=\"wp-post\" data-elementor-id=\"11687\" class=\"elementor elementor-11687 elementor-11685\">\n\t\t\t\t\t\t<section class=\"elementor-section elementor-top-section elementor-element elementor-element-44e84561 elementor-section-boxed elementor-section-height-default elementor-section-height-default\" data-id=\"44e84561\" data-element_type=\"section\">\n\t\t\t\t\t\t<div class=\"elementor-container elementor-column-gap-default\">\n\t\t\t\t\t<div class=\"elementor-column elementor-col-100 elementor-top-column elementor-element elementor-element-6ca56c04\" data-id=\"6ca56c04\" data-element_type=\"column\">\n\t\t\t<div class=\"elementor-widget-wrap elementor-element-populated\">\n\t\t\t\t\t\t<div class=\"elementor-element elementor-element-598dc123 elementor-widget elementor-widget-heading\" data-id=\"598dc123\" data-element_type=\"widget\" data-widget_type=\"heading.default\">\n\t\t\t\t<div class=\"elementor-widget-container\">\n\t\t\t\t\t<h1 class=\"elementor-heading-title elementor-size-default\">Produit<\/h1>\t\t\t\t<\/div>\n\t\t\t\t<\/div>\n\t\t\t\t<div class=\"elementor-element elementor-element-d4e3dcc elementor-widget elementor-widget-text-editor\" data-id=\"d4e3dcc\" data-element_type=\"widget\" data-widget_type=\"text-editor.default\">\n\t\t\t\t<div class=\"elementor-widget-container\">\n\t\t\t\t\t\t\t\t\t<h2>Produits d&#8217;Humidification par Brouillard Sec Ultrasonique<\/h2><p>Vous avez besoin d&#8217;un environnement propice \u00e0 l&#8217;humidification pour votre fromagerie, votre champignonni\u00e8re ou votre p\u00e9pini\u00e8re, serre ou d&#8217;autres applications? Chez Theotek Groupe Inc., nous offrons des produits d&#8217;humidification par brouillard sec \u00e0 ultrasons qui aideront votre salle de maturation de fromage, votre p\u00e9pini\u00e8re ou votre entrep\u00f4t \u00e0 avoir la bonne quantit\u00e9 et le bon niveau d&#8217;humidit\u00e9 pour des r\u00e9sultats positifs sur vos produits.<\/p><p>\u00a0<\/p><h2>Produits de Qualit\u00e9<\/h2><p>Quel que soit l&#8217;humidificateur \u00e0 brouillard sec \u00e0 ultrasons que vous choisissez, vous pouvez b\u00e9n\u00e9ficier d&#8217;un certain nombre de caract\u00e9ristiques qui am\u00e9lioreront votre les r\u00e9sultats de l&#8217;humidification. Par exemple, chaque produit peut couvrir diff\u00e9rentes tailles de pi\u00e8ces, ce qui vous permet de trouver le produit adapt\u00e9 \u00e0 votre application.<\/p><p>De plus, tous les produits sont \u00e9quip\u00e9s de capteurs d&#8217;eau \u00e0 arr\u00eat automatique, de ventilateurs imperm\u00e9ables et d&#8217;une protection contre les surcharges \u00e9lectriques. Tous nos produits sont approuv\u00e9s par la FDA et b\u00e9n\u00e9ficient de garanties allant d&#8217;un an \u00e0 trois ans.<\/p><p>Notre Contr\u00f4leur d&#8217;Humidit\u00e9 num\u00e9rique HT2 \u00e0 affichage graphique \u00e0 barres \u00e0 sortie unique est \u00e9galement livr\u00e9 avec des r\u00e9glages de temp\u00e9rature et d&#8217;humidit\u00e9 de jour et de nuit, ainsi que divers capteurs, pour contr\u00f4ler et optimiser votre environnement.<\/p><p>Si vous n&#8217;\u00eates pas s\u00fbr du produit qui vous convient le mieux, n&#8217;h\u00e9sitez pas \u00e0 nous contacter d\u00e8s aujourd&#8217;hui. Nous pouvons \u00e9valuer votre application sp\u00e9cifique et d\u00e9terminer quel produit est le plus efficace.<\/p><p>\u00a0<\/p><h2>Technologie de Pointe<\/h2><p>La technologie d&#8217;humidification par brouillard sec \u00e0 ultrasons permet d&#8217;obtenir des de bons r\u00e9sultats, quelle que soit l&#8217;application ou le lieu. Gr\u00e2ce \u00e0 un contr\u00f4le pr\u00e9cis du climat et \u00e0 des r\u00e9glages de l&#8217;humidit\u00e9, cette technologie produit un brouillard de haut de gamme de 5 microns qui ne cr\u00e9e pas de d\u00e9p\u00f4ts d&#8217;eau ni de condensation sur vos produits. De plus, cette technologie permet de r\u00e9duire l&#8217;usure des composants, ce qui facilite l&#8217;entretien et prolonge la dur\u00e9e de vie de nos produits.<\/p><p>\u00a0<\/p><h2>Une Entreprise Fiable<\/h2><p>Theotek Groupe Inc. s&#8217;engage \u00e0 vous fournir les meilleurs humidificateurs \u00e0 brouillard sec \u00e0 ultrasons. Nous sommes disponibles 24 heures sur 24 et 7 jours sur 7 pour toute demande de service, et nous avons toutes les pi\u00e8ces en stock afin que vous puissiez profiter rapidement des avantages de vos produits. Nous personnalisons \u00e9galement nos services en fonction de vos besoins.<\/p><p>Que vous souhaitiez conserver la fra\u00eecheur des \u0153ufs et autres aliments, nourrir des plantes, cr\u00e9er du fromage ou dans d&#8217;autres applications, nos produits d&#8217;humidification par brouillard sec ultrasonique peuvent vous aider. Pour plus d&#8217;informations sur nos produits ou pour une demande de soumission, contactez-nous par t\u00e9l\u00e9phone au 514.892.0246 ou par courriel \u00e0 info@theotekgroupe.com\u00a0 .<\/p>\t\t\t\t\t\t\t\t<\/div>\n\t\t\t\t<\/div>\n\t\t\t\t\t<\/div>\n\t\t<\/div>\n\t\t\t\t\t<\/div>\n\t\t<\/section>\n\t\t\t\t<section class=\"elementor-section elementor-top-section elementor-element elementor-element-41b526c0 elementor-section-boxed elementor-section-height-default elementor-section-height-default\" data-id=\"41b526c0\" data-element_type=\"section\">\n\t\t\t\t\t\t<div class=\"elementor-container elementor-column-gap-default\">\n\t\t\t\t\t<div class=\"elementor-column elementor-col-25 elementor-top-column elementor-element elementor-element-71f8d8c5\" data-id=\"71f8d8c5\" data-element_type=\"column\">\n\t\t\t<div class=\"elementor-widget-wrap elementor-element-populated\">\n\t\t\t\t\t\t<div class=\"elementor-element elementor-element-210509a elementor-widget elementor-widget-wp-widget-media_image\" data-id=\"210509a\" data-element_type=\"widget\" data-widget_type=\"wp-widget-media_image.default\">\n\t\t\t\t<div class=\"elementor-widget-container\">\n\t\t\t\t\t<a href=\"\/fr\/produit\/mdfd-1\/\"><img fetchpriority=\"high\" decoding=\"async\" width=\"1200\" height=\"1200\" src=\"https:\/\/theotekgroup.com\/wp-content\/uploads\/2018\/02\/gallery-image.png\" class=\"image wp-image-11869  attachment-full size-full\" alt=\"One head Ultrasonic dry fog humidifier system\" style=\"max-width: 100%; height: auto;\" srcset=\"https:\/\/theotekgroup.com\/wp-content\/uploads\/2018\/02\/gallery-image-66x66.png 66w, https:\/\/theotekgroup.com\/wp-content\/uploads\/2018\/02\/gallery-image-150x150.png 150w, https:\/\/theotekgroup.com\/wp-content\/uploads\/2018\/02\/gallery-image-768x768.png 768w, https:\/\/theotekgroup.com\/wp-content\/uploads\/2018\/02\/gallery-image-1024x1024.png 1024w, https:\/\/theotekgroup.com\/wp-content\/uploads\/2018\/02\/gallery-image.png 1200w\" sizes=\"(max-width: 1200px) 100vw, 1200px\" \/><\/a>\t\t\t\t<\/div>\n\t\t\t\t<\/div>\n\t\t\t\t<div class=\"elementor-element elementor-element-110152cd elementor-widget elementor-widget-html\" data-id=\"110152cd\" data-element_type=\"widget\" data-widget_type=\"html.default\">\n\t\t\t\t<div class=\"elementor-widget-container\">\n\t\t\t\t\t<a href=\"\/fr\/produit\/MDFD-1\/\" style=\"text-align: center; display: block; line-height: 25px;\">MDFD-1<\/a>\t\t\t\t<\/div>\n\t\t\t\t<\/div>\n\t\t\t\t\t<\/div>\n\t\t<\/div>\n\t\t\t\t<div class=\"elementor-column elementor-col-25 elementor-top-column elementor-element elementor-element-719cf014\" data-id=\"719cf014\" data-element_type=\"column\">\n\t\t\t<div class=\"elementor-widget-wrap elementor-element-populated\">\n\t\t\t\t\t\t<div class=\"elementor-element elementor-element-32580d8b elementor-widget elementor-widget-wp-widget-media_image\" data-id=\"32580d8b\" data-element_type=\"widget\" data-widget_type=\"wp-widget-media_image.default\">\n\t\t\t\t<div class=\"elementor-widget-container\">\n\t\t\t\t\t<a href=\"\/fr\/produit\/MDFD-4\/\"><img decoding=\"async\" width=\"1200\" height=\"1200\" src=\"https:\/\/theotekgroup.com\/wp-content\/uploads\/2018\/02\/main-image.png\" class=\"image wp-image-12028  attachment-full size-full\" alt=\"Dry Fog Humidifier For Mushrooms grey\" style=\"max-width: 100%; height: auto;\" srcset=\"https:\/\/theotekgroup.com\/wp-content\/uploads\/2018\/02\/main-image-66x66.png 66w, https:\/\/theotekgroup.com\/wp-content\/uploads\/2018\/02\/main-image-150x150.png 150w, https:\/\/theotekgroup.com\/wp-content\/uploads\/2018\/02\/main-image-768x768.png 768w, https:\/\/theotekgroup.com\/wp-content\/uploads\/2018\/02\/main-image-1024x1024.png 1024w, https:\/\/theotekgroup.com\/wp-content\/uploads\/2018\/02\/main-image.png 1200w\" sizes=\"(max-width: 1200px) 100vw, 1200px\" \/><\/a>\t\t\t\t<\/div>\n\t\t\t\t<\/div>\n\t\t\t\t<div class=\"elementor-element elementor-element-1baeab47 elementor-widget elementor-widget-html\" data-id=\"1baeab47\" data-element_type=\"widget\" data-widget_type=\"html.default\">\n\t\t\t\t<div class=\"elementor-widget-container\">\n\t\t\t\t\t<a href=\"\/fr\/produit\/MDFD-4\/\" style=\"text-align: center; display: block; line-height: 25px;\">MDFD-4<\/a>\t\t\t\t<\/div>\n\t\t\t\t<\/div>\n\t\t\t\t\t<\/div>\n\t\t<\/div>\n\t\t\t\t<div class=\"elementor-column elementor-col-25 elementor-top-column elementor-element elementor-element-26869f4c\" data-id=\"26869f4c\" data-element_type=\"column\">\n\t\t\t<div class=\"elementor-widget-wrap elementor-element-populated\">\n\t\t\t\t\t\t<div class=\"elementor-element elementor-element-31e83791 elementor-widget elementor-widget-wp-widget-media_image\" data-id=\"31e83791\" data-element_type=\"widget\" data-widget_type=\"wp-widget-media_image.default\">\n\t\t\t\t<div class=\"elementor-widget-container\">\n\t\t\t\t\t<a href=\"\/fr\/produit\/mdfd-6\/\"><img decoding=\"async\" width=\"1200\" height=\"1200\" src=\"https:\/\/theotekgroup.com\/wp-content\/uploads\/2018\/02\/main-image-1.png\" class=\"image wp-image-12031  attachment-full size-full\" alt=\"Different View of Dry Fog Humidifier System\" style=\"max-width: 100%; height: auto;\" srcset=\"https:\/\/theotekgroup.com\/wp-content\/uploads\/2018\/02\/main-image-1-66x66.png 66w, https:\/\/theotekgroup.com\/wp-content\/uploads\/2018\/02\/main-image-1-150x150.png 150w, https:\/\/theotekgroup.com\/wp-content\/uploads\/2018\/02\/main-image-1-768x768.png 768w, https:\/\/theotekgroup.com\/wp-content\/uploads\/2018\/02\/main-image-1-1024x1024.png 1024w, https:\/\/theotekgroup.com\/wp-content\/uploads\/2018\/02\/main-image-1.png 1200w\" sizes=\"(max-width: 1200px) 100vw, 1200px\" \/><\/a>\t\t\t\t<\/div>\n\t\t\t\t<\/div>\n\t\t\t\t<div class=\"elementor-element elementor-element-2951f4c9 elementor-widget elementor-widget-html\" data-id=\"2951f4c9\" data-element_type=\"widget\" data-widget_type=\"html.default\">\n\t\t\t\t<div class=\"elementor-widget-container\">\n\t\t\t\t\t<a href=\"\/fr\/produit\/MDFD-6\/\" style=\"text-align: center; display: block; line-height: 25px;\">MDFD-6<\/a>\t\t\t\t<\/div>\n\t\t\t\t<\/div>\n\t\t\t\t\t<\/div>\n\t\t<\/div>\n\t\t\t\t<div class=\"elementor-column elementor-col-25 elementor-top-column elementor-element elementor-element-37cc91ca\" data-id=\"37cc91ca\" data-element_type=\"column\">\n\t\t\t<div class=\"elementor-widget-wrap elementor-element-populated\">\n\t\t\t\t\t\t<div class=\"elementor-element elementor-element-59284878 elementor-widget elementor-widget-wp-widget-media_image\" data-id=\"59284878\" data-element_type=\"widget\" data-widget_type=\"wp-widget-media_image.default\">\n\t\t\t\t<div class=\"elementor-widget-container\">\n\t\t\t\t\t<a href=\"\/fr\/produit\/ht-2\/\"><img loading=\"lazy\" decoding=\"async\" width=\"1200\" height=\"1200\" src=\"https:\/\/theotekgroup.com\/wp-content\/uploads\/2018\/02\/main-image-2.png\" class=\"image wp-image-12033  attachment-full size-full\" alt=\"Black Dry Fog Humidifier System\" style=\"max-width: 100%; height: auto;\" srcset=\"https:\/\/theotekgroup.com\/wp-content\/uploads\/2018\/02\/main-image-2-66x66.png 66w, https:\/\/theotekgroup.com\/wp-content\/uploads\/2018\/02\/main-image-2-150x150.png 150w, https:\/\/theotekgroup.com\/wp-content\/uploads\/2018\/02\/main-image-2-768x768.png 768w, https:\/\/theotekgroup.com\/wp-content\/uploads\/2018\/02\/main-image-2-1024x1024.png 1024w, https:\/\/theotekgroup.com\/wp-content\/uploads\/2018\/02\/main-image-2.png 1200w\" sizes=\"(max-width: 1200px) 100vw, 1200px\" \/><\/a>\t\t\t\t<\/div>\n\t\t\t\t<\/div>\n\t\t\t\t<div class=\"elementor-element elementor-element-2bd259cd elementor-widget elementor-widget-html\" data-id=\"2bd259cd\" data-element_type=\"widget\" data-widget_type=\"html.default\">\n\t\t\t\t<div class=\"elementor-widget-container\">\n\t\t\t\t\t<a href=\"\/fr\/produit\/ht-2\/\" style=\"text-align: center; display: block; line-height: 25px;\">HT-2<\/a>\t\t\t\t<\/div>\n\t\t\t\t<\/div>\n\t\t\t\t\t<\/div>\n\t\t<\/div>\n\t\t\t\t\t<\/div>\n\t\t<\/section>\n\t\t\t\t<\/div>\n\t\t","protected":false},"excerpt":{"rendered":"<p>Produit Produits d&#8217;Humidification par Brouillard Sec Ultrasonique Vous avez besoin d&#8217;un environnement propice \u00e0 l&#8217;humidification pour votre fromagerie, votre champignonni\u00e8re ou votre p\u00e9pini\u00e8re, serre ou d&#8217;autres applications? Chez Theotek Groupe Inc., nous offrons des produits d&#8217;humidification par brouillard sec \u00e0 ultrasons qui aideront votre salle de maturation de fromage, votre p\u00e9pini\u00e8re ou votre entrep\u00f4t \u00e0 [&hellip;]<\/p>\n","protected":false},"author":1,"featured_media":0,"parent":0,"menu_order":0,"comment_status":"open","ping_status":"open","template":"","meta":{"footnotes":""},"class_list":["post-11687","page","type-page","status-publish","hentry"],"aioseo_notices":[],"yoast_head":"<!-- This site is optimized with the Yoast SEO plugin v20.1 - https:\/\/yoast.com\/wordpress\/plugins\/seo\/ -->\n<title>Produit - Theotek Groupe<\/title>\n<meta name=\"robots\" content=\"index, follow, max-snippet:-1, max-image-preview:large, max-video-preview:-1\" \/>\n<link rel=\"canonical\" href=\"https:\/\/theotekgroup.com\/fr\/produit\/\" \/>\n<meta property=\"og:locale\" content=\"fr_FR\" \/>\n<meta property=\"og:type\" content=\"article\" \/>\n<meta property=\"og:title\" content=\"Produit - Theotek Groupe\" \/>\n<meta property=\"og:description\" content=\"Produit Produits d&#8217;Humidification par Brouillard Sec Ultrasonique Vous avez besoin d&#8217;un environnement propice \u00e0 l&#8217;humidification pour votre fromagerie, votre champignonni\u00e8re ou votre p\u00e9pini\u00e8re, serre ou d&#8217;autres applications? Chez Theotek Groupe Inc., nous offrons des produits d&#8217;humidification par brouillard sec \u00e0 ultrasons qui aideront votre salle de maturation de fromage, votre p\u00e9pini\u00e8re ou votre entrep\u00f4t \u00e0 [&hellip;]\" \/>\n<meta property=\"og:url\" content=\"https:\/\/theotekgroup.com\/fr\/produit\/\" \/>\n<meta property=\"og:site_name\" content=\"Theotek Groupe\" \/>\n<meta property=\"article:modified_time\" content=\"2021-02-17T19:08:33+00:00\" \/>\n<meta name=\"twitter:card\" content=\"summary_large_image\" \/>\n<meta name=\"twitter:label1\" content=\"Dur\u00e9e de lecture estim\u00e9e\" \/>\n\t<meta name=\"twitter:data1\" content=\"2 minutes\" \/>\n<script type=\"application\/ld+json\" class=\"yoast-schema-graph\">{\"@context\":\"https:\/\/schema.org\",\"@graph\":[{\"@type\":\"WebPage\",\"@id\":\"https:\/\/theotekgroup.com\/fr\/produit\/\",\"url\":\"https:\/\/theotekgroup.com\/fr\/produit\/\",\"name\":\"Produit - Theotek Groupe\",\"isPartOf\":{\"@id\":\"https:\/\/theotekgroup.com\/fr\/#website\"},\"datePublished\":\"2018-02-25T18:01:55+00:00\",\"dateModified\":\"2021-02-17T19:08:33+00:00\",\"breadcrumb\":{\"@id\":\"https:\/\/theotekgroup.com\/fr\/produit\/#breadcrumb\"},\"inLanguage\":\"fr-FR\",\"potentialAction\":[{\"@type\":\"ReadAction\",\"target\":[\"https:\/\/theotekgroup.com\/fr\/produit\/\"]}]},{\"@type\":\"BreadcrumbList\",\"@id\":\"https:\/\/theotekgroup.com\/fr\/produit\/#breadcrumb\",\"itemListElement\":[{\"@type\":\"ListItem\",\"position\":1,\"name\":\"Home\",\"item\":\"https:\/\/theotekgroup.com\/fr\/\"},{\"@type\":\"ListItem\",\"position\":2,\"name\":\"Produit\"}]},{\"@type\":\"WebSite\",\"@id\":\"https:\/\/theotekgroup.com\/fr\/#website\",\"url\":\"https:\/\/theotekgroup.com\/fr\/\",\"name\":\"Theotek Groupe\",\"description\":\"Theotek Humidifers\",\"potentialAction\":[{\"@type\":\"SearchAction\",\"target\":{\"@type\":\"EntryPoint\",\"urlTemplate\":\"https:\/\/theotekgroup.com\/fr\/?s={search_term_string}\"},\"query-input\":\"required name=search_term_string\"}],\"inLanguage\":\"fr-FR\"}]}<\/script>\n<!-- \/ Yoast SEO plugin. -->","yoast_head_json":{"title":"Produit - Theotek Groupe","robots":{"index":"index","follow":"follow","max-snippet":"max-snippet:-1","max-image-preview":"max-image-preview:large","max-video-preview":"max-video-preview:-1"},"canonical":"https:\/\/theotekgroup.com\/fr\/produit\/","og_locale":"fr_FR","og_type":"article","og_title":"Produit - Theotek Groupe","og_description":"Produit Produits d&#8217;Humidification par Brouillard Sec Ultrasonique Vous avez besoin d&#8217;un environnement propice \u00e0 l&#8217;humidification pour votre fromagerie, votre champignonni\u00e8re ou votre p\u00e9pini\u00e8re, serre ou d&#8217;autres applications? Chez Theotek Groupe Inc., nous offrons des produits d&#8217;humidification par brouillard sec \u00e0 ultrasons qui aideront votre salle de maturation de fromage, votre p\u00e9pini\u00e8re ou votre entrep\u00f4t \u00e0 [&hellip;]","og_url":"https:\/\/theotekgroup.com\/fr\/produit\/","og_site_name":"Theotek Groupe","article_modified_time":"2021-02-17T19:08:33+00:00","twitter_card":"summary_large_image","twitter_misc":{"Dur\u00e9e de lecture estim\u00e9e":"2 minutes"},"schema":{"@context":"https:\/\/schema.org","@graph":[{"@type":"WebPage","@id":"https:\/\/theotekgroup.com\/fr\/produit\/","url":"https:\/\/theotekgroup.com\/fr\/produit\/","name":"Produit - Theotek Groupe","isPartOf":{"@id":"https:\/\/theotekgroup.com\/fr\/#website"},"datePublished":"2018-02-25T18:01:55+00:00","dateModified":"2021-02-17T19:08:33+00:00","breadcrumb":{"@id":"https:\/\/theotekgroup.com\/fr\/produit\/#breadcrumb"},"inLanguage":"fr-FR","potentialAction":[{"@type":"ReadAction","target":["https:\/\/theotekgroup.com\/fr\/produit\/"]}]},{"@type":"BreadcrumbList","@id":"https:\/\/theotekgroup.com\/fr\/produit\/#breadcrumb","itemListElement":[{"@type":"ListItem","position":1,"name":"Home","item":"https:\/\/theotekgroup.com\/fr\/"},{"@type":"ListItem","position":2,"name":"Produit"}]},{"@type":"WebSite","@id":"https:\/\/theotekgroup.com\/fr\/#website","url":"https:\/\/theotekgroup.com\/fr\/","name":"Theotek Groupe","description":"Theotek Humidifers","potentialAction":[{"@type":"SearchAction","target":{"@type":"EntryPoint","urlTemplate":"https:\/\/theotekgroup.com\/fr\/?s={search_term_string}"},"query-input":"required name=search_term_string"}],"inLanguage":"fr-FR"}]}},"_links":{"self":[{"href":"https:\/\/theotekgroup.com\/fr\/wp-json\/wp\/v2\/pages\/11687","targetHints":{"allow":["GET"]}}],"collection":[{"href":"https:\/\/theotekgroup.com\/fr\/wp-json\/wp\/v2\/pages"}],"about":[{"href":"https:\/\/theotekgroup.com\/fr\/wp-json\/wp\/v2\/types\/page"}],"author":[{"embeddable":true,"href":"https:\/\/theotekgroup.com\/fr\/wp-json\/wp\/v2\/users\/1"}],"replies":[{"embeddable":true,"href":"https:\/\/theotekgroup.com\/fr\/wp-json\/wp\/v2\/comments?post=11687"}],"version-history":[{"count":5,"href":"https:\/\/theotekgroup.com\/fr\/wp-json\/wp\/v2\/pages\/11687\/revisions"}],"predecessor-version":[{"id":13194,"href":"https:\/\/theotekgroup.com\/fr\/wp-json\/wp\/v2\/pages\/11687\/revisions\/13194"}],"wp:attachment":[{"href":"https:\/\/theotekgroup.com\/fr\/wp-json\/wp\/v2\/media?parent=11687"}],"curies":[{"name":"wp","href":"https:\/\/api.w.org\/{rel}","templated":true}]}}