{"id":11761,"date":"2018-02-18T18:07:58","date_gmt":"2018-02-18T18:07:58","guid":{"rendered":"https:\/\/theotekgroup.com\/warranty-disclaimer-2\/"},"modified":"2021-02-17T19:08:33","modified_gmt":"2021-02-17T19:08:33","slug":"garantie-responsabilite","status":"publish","type":"page","link":"https:\/\/theotekgroup.com\/fr\/garantie-responsabilite\/","title":{"rendered":"Garantie \/ Responsabilit\u00e9"},"content":{"rendered":"<p><strong>GARANTIE LIMIT\u00c9E<\/strong>\u00a0d\u2019un 1 an, \u00e0 compter de la date d\u2019achat, sur les pi\u00e8ces et la main-d&#8217;\u0153uvre.<\/p>\n<p>R\u00e9paration ou remplacement sont \u00e0 notre discr\u00e9tion. Exp\u00e9dition et de manutention aux frais du client. Contactez notre service \u00e0 la client\u00e8le au (514)892-0246 ou par courriel \u00e0 info@theotekgroup.com, pour notre politique de retour.<\/p>\n<p><strong>GARANTIE LIMIT\u00c9E SELON LES SP\u00c9CIFICATIONS, LES CONDITIONS ET LES RESTRICTIONS. GARANTIE NON AVENUE SI LE BRUMISATEUR EST MAL UTILIS\u00c9.<\/strong><\/p>\n<p><strong>RESPONSABILIT\u00c9 LIMIT\u00c9E ET NON RESPONSABILIT\u00c9 POUR DOMMAGES CONS\u00c9CUTIFS.<\/strong><\/p>\n<p>Malgr\u00e9 toute autre disposition contenue aux pr\u00e9sentes \u00e0 l\u2019effet contraire, en aucun cas Theotek Groupe Inc. ou de ses<br \/>\nadministrateurs, dirigeants, employ\u00e9s et agents, ont toute obligation ou responsabilit\u00e9, ni vous n&#8217;avez toute droite, r\u00e9clamation ou recours contre le Theotek Groupe Inc. pour la perte de l\u2019utilisation d\u2019une propri\u00e9t\u00e9, la perte de revenus ou de profit, ou pour tous dommages sp\u00e9ciaux, indirects, accessoires ou indirects, m\u00eame si Theotek Groupe Inc. \u00e0 \u00e9t\u00e9 inform\u00e9e de la possibilit\u00e9 de telle ou telles parties pouvaient raisonnablement pr\u00e9voir.<\/p>\n<p>Autres que les obligations du Theotek Groupe Inc. express\u00e9ment d\u00e9crits dans les pr\u00e9sentes, en aucun cas sont Theotek Groupe Inc., ou dans l\u2019ensemble un de ses administrateurs, officiers, employ\u00e9s et agents, limite de responsabilit\u00e9 pour tout dommage d\u00e9coulant d&#8217;o\u00f9 li\u00e9 \u00e0 aucun contrat de vente entre vous et Theotek Groupe Inc. d\u00e9passent le prix total pay\u00e9 par vous \u00e0 Theotek Groupe Inc.<\/p>\n","protected":false},"excerpt":{"rendered":"<p>GARANTIE LIMIT\u00c9E\u00a0d\u2019un 1 an, \u00e0 compter de la date d\u2019achat, sur les pi\u00e8ces et la main-d&#8217;\u0153uvre. R\u00e9paration ou remplacement sont \u00e0 notre discr\u00e9tion. Exp\u00e9dition et de manutention aux frais du client. Contactez notre service \u00e0 la client\u00e8le au (514)892-0246 ou par courriel \u00e0 info@theotekgroup.com, pour notre politique de retour. GARANTIE LIMIT\u00c9E SELON LES SP\u00c9CIFICATIONS, LES [&hellip;]<\/p>\n","protected":false},"author":1,"featured_media":0,"parent":0,"menu_order":0,"comment_status":"open","ping_status":"open","template":"","meta":{"footnotes":""},"class_list":["post-11761","page","type-page","status-publish","hentry"],"aioseo_notices":[],"yoast_head":"<!-- This site is optimized with the Yoast SEO plugin v20.1 - https:\/\/yoast.com\/wordpress\/plugins\/seo\/ -->\n<title>Garantie \/ Responsabilit\u00e9 - Theotek Groupe<\/title>\n<meta name=\"robots\" content=\"index, follow, max-snippet:-1, max-image-preview:large, max-video-preview:-1\" \/>\n<link rel=\"canonical\" href=\"https:\/\/theotekgroup.com\/fr\/garantie-responsabilite\/\" \/>\n<meta property=\"og:locale\" content=\"fr_FR\" \/>\n<meta property=\"og:type\" content=\"article\" \/>\n<meta property=\"og:title\" content=\"Garantie \/ Responsabilit\u00e9 - Theotek Groupe\" \/>\n<meta property=\"og:description\" content=\"GARANTIE LIMIT\u00c9E\u00a0d\u2019un 1 an, \u00e0 compter de la date d\u2019achat, sur les pi\u00e8ces et la main-d&#8217;\u0153uvre. R\u00e9paration ou remplacement sont \u00e0 notre discr\u00e9tion. Exp\u00e9dition et de manutention aux frais du client. Contactez notre service \u00e0 la client\u00e8le au (514)892-0246 ou par courriel \u00e0 info@theotekgroup.com, pour notre politique de retour. GARANTIE LIMIT\u00c9E SELON LES SP\u00c9CIFICATIONS, LES [&hellip;]\" \/>\n<meta property=\"og:url\" content=\"https:\/\/theotekgroup.com\/fr\/garantie-responsabilite\/\" \/>\n<meta property=\"og:site_name\" content=\"Theotek Groupe\" \/>\n<meta property=\"article:modified_time\" content=\"2021-02-17T19:08:33+00:00\" \/>\n<meta name=\"twitter:card\" content=\"summary_large_image\" \/>\n<meta name=\"twitter:label1\" content=\"Dur\u00e9e de lecture estim\u00e9e\" \/>\n\t<meta name=\"twitter:data1\" content=\"1 minute\" \/>\n<script type=\"application\/ld+json\" class=\"yoast-schema-graph\">{\"@context\":\"https:\/\/schema.org\",\"@graph\":[{\"@type\":\"WebPage\",\"@id\":\"https:\/\/theotekgroup.com\/fr\/garantie-responsabilite\/\",\"url\":\"https:\/\/theotekgroup.com\/fr\/garantie-responsabilite\/\",\"name\":\"Garantie \/ Responsabilit\u00e9 - Theotek Groupe\",\"isPartOf\":{\"@id\":\"https:\/\/theotekgroup.com\/fr\/#website\"},\"datePublished\":\"2018-02-18T18:07:58+00:00\",\"dateModified\":\"2021-02-17T19:08:33+00:00\",\"breadcrumb\":{\"@id\":\"https:\/\/theotekgroup.com\/fr\/garantie-responsabilite\/#breadcrumb\"},\"inLanguage\":\"fr-FR\",\"potentialAction\":[{\"@type\":\"ReadAction\",\"target\":[\"https:\/\/theotekgroup.com\/fr\/garantie-responsabilite\/\"]}]},{\"@type\":\"BreadcrumbList\",\"@id\":\"https:\/\/theotekgroup.com\/fr\/garantie-responsabilite\/#breadcrumb\",\"itemListElement\":[{\"@type\":\"ListItem\",\"position\":1,\"name\":\"Home\",\"item\":\"https:\/\/theotekgroup.com\/fr\/\"},{\"@type\":\"ListItem\",\"position\":2,\"name\":\"Garantie \/ Responsabilit\u00e9\"}]},{\"@type\":\"WebSite\",\"@id\":\"https:\/\/theotekgroup.com\/fr\/#website\",\"url\":\"https:\/\/theotekgroup.com\/fr\/\",\"name\":\"Theotek Groupe\",\"description\":\"Theotek Humidifers\",\"potentialAction\":[{\"@type\":\"SearchAction\",\"target\":{\"@type\":\"EntryPoint\",\"urlTemplate\":\"https:\/\/theotekgroup.com\/fr\/?s={search_term_string}\"},\"query-input\":\"required name=search_term_string\"}],\"inLanguage\":\"fr-FR\"}]}<\/script>\n<!-- \/ Yoast SEO plugin. -->","yoast_head_json":{"title":"Garantie \/ Responsabilit\u00e9 - Theotek Groupe","robots":{"index":"index","follow":"follow","max-snippet":"max-snippet:-1","max-image-preview":"max-image-preview:large","max-video-preview":"max-video-preview:-1"},"canonical":"https:\/\/theotekgroup.com\/fr\/garantie-responsabilite\/","og_locale":"fr_FR","og_type":"article","og_title":"Garantie \/ Responsabilit\u00e9 - Theotek Groupe","og_description":"GARANTIE LIMIT\u00c9E\u00a0d\u2019un 1 an, \u00e0 compter de la date d\u2019achat, sur les pi\u00e8ces et la main-d&#8217;\u0153uvre. R\u00e9paration ou remplacement sont \u00e0 notre discr\u00e9tion. Exp\u00e9dition et de manutention aux frais du client. Contactez notre service \u00e0 la client\u00e8le au (514)892-0246 ou par courriel \u00e0 info@theotekgroup.com, pour notre politique de retour. GARANTIE LIMIT\u00c9E SELON LES SP\u00c9CIFICATIONS, LES [&hellip;]","og_url":"https:\/\/theotekgroup.com\/fr\/garantie-responsabilite\/","og_site_name":"Theotek Groupe","article_modified_time":"2021-02-17T19:08:33+00:00","twitter_card":"summary_large_image","twitter_misc":{"Dur\u00e9e de lecture estim\u00e9e":"1 minute"},"schema":{"@context":"https:\/\/schema.org","@graph":[{"@type":"WebPage","@id":"https:\/\/theotekgroup.com\/fr\/garantie-responsabilite\/","url":"https:\/\/theotekgroup.com\/fr\/garantie-responsabilite\/","name":"Garantie \/ Responsabilit\u00e9 - Theotek Groupe","isPartOf":{"@id":"https:\/\/theotekgroup.com\/fr\/#website"},"datePublished":"2018-02-18T18:07:58+00:00","dateModified":"2021-02-17T19:08:33+00:00","breadcrumb":{"@id":"https:\/\/theotekgroup.com\/fr\/garantie-responsabilite\/#breadcrumb"},"inLanguage":"fr-FR","potentialAction":[{"@type":"ReadAction","target":["https:\/\/theotekgroup.com\/fr\/garantie-responsabilite\/"]}]},{"@type":"BreadcrumbList","@id":"https:\/\/theotekgroup.com\/fr\/garantie-responsabilite\/#breadcrumb","itemListElement":[{"@type":"ListItem","position":1,"name":"Home","item":"https:\/\/theotekgroup.com\/fr\/"},{"@type":"ListItem","position":2,"name":"Garantie \/ Responsabilit\u00e9"}]},{"@type":"WebSite","@id":"https:\/\/theotekgroup.com\/fr\/#website","url":"https:\/\/theotekgroup.com\/fr\/","name":"Theotek Groupe","description":"Theotek Humidifers","potentialAction":[{"@type":"SearchAction","target":{"@type":"EntryPoint","urlTemplate":"https:\/\/theotekgroup.com\/fr\/?s={search_term_string}"},"query-input":"required name=search_term_string"}],"inLanguage":"fr-FR"}]}},"_links":{"self":[{"href":"https:\/\/theotekgroup.com\/fr\/wp-json\/wp\/v2\/pages\/11761","targetHints":{"allow":["GET"]}}],"collection":[{"href":"https:\/\/theotekgroup.com\/fr\/wp-json\/wp\/v2\/pages"}],"about":[{"href":"https:\/\/theotekgroup.com\/fr\/wp-json\/wp\/v2\/types\/page"}],"author":[{"embeddable":true,"href":"https:\/\/theotekgroup.com\/fr\/wp-json\/wp\/v2\/users\/1"}],"replies":[{"embeddable":true,"href":"https:\/\/theotekgroup.com\/fr\/wp-json\/wp\/v2\/comments?post=11761"}],"version-history":[{"count":11,"href":"https:\/\/theotekgroup.com\/fr\/wp-json\/wp\/v2\/pages\/11761\/revisions"}],"predecessor-version":[{"id":13174,"href":"https:\/\/theotekgroup.com\/fr\/wp-json\/wp\/v2\/pages\/11761\/revisions\/13174"}],"wp:attachment":[{"href":"https:\/\/theotekgroup.com\/fr\/wp-json\/wp\/v2\/media?parent=11761"}],"curies":[{"name":"wp","href":"https:\/\/api.w.org\/{rel}","templated":true}]}}